{"id":11,"date":"2022-02-21T12:23:07","date_gmt":"2022-02-21T11:23:07","guid":{"rendered":"http:\/\/kolegiatakartuzy.pl\/wp-test\/?page_id=11"},"modified":"2022-08-20T11:46:26","modified_gmt":"2022-08-20T09:46:26","slug":"dla-turystow","status":"publish","type":"page","link":"https:\/\/kolegiatakartuzy.pl\/wp-test\/?page_id=11","title":{"rendered":"Dla Turyst\u00f3w"},"content":{"rendered":"\n<p><\/p>\n\n\n\n<h2 class=\"wp-block-heading\" id=\"dla-turystow\" style=\"text-transform:uppercase\"><strong>Dla Turyst\u00f3w<\/strong><\/h2>\n\n\n\n<hr class=\"wp-block-separator has-text-color has-ast-global-color-0-color has-css-opacity has-ast-global-color-0-background-color has-background\"\/>\n\n\n\n<p class=\"has-text-align-justify\">Kolegiata pod wezwaniem Wniebowzi\u0119cia Naj\u015bwi\u0119tszej Maryi Panny w Kartuzach to najlepiej zachowany ko\u015bci\u00f3\u0142 zakonu kartuz\u00f3w na ziemiach polskich.\u00a0 Klasztor o pi\u0119knej nazwie &#8222;Raj Maryi&#8221; by\u0142 miejscem \u017cycia zakonnego kartuz\u00f3w, a jego per\u0142\u0105 jest ko\u015bci\u00f3\u0142 b\u0119d\u0105cy \u015bwiadectwem wiary za\u0142o\u017cycieli. Do zabytk\u00f3w dawnej Kartuzji nale\u017c\u0105: ko\u015bci\u00f3\u0142 poklasztorny, jeden erem, refektarz, studnia i niekt\u00f3re zabudowania gospodarcze.<br><br>Zar\u00f3wno indywidualnie jak i w grupach turystycznych mo\u017cna zwiedza\u0107 Kartusk\u0105 Kolegiat\u0119 codziennie, je\u015bli tylko nie s\u0105 odprawiane w tym czasie nabo\u017ce\u0144stwa. Podczas trwania Mszy \u015bw., pogrzeb\u00f3w, \u015blub\u00f3w, nabo\u017ce\u0144stw pokutnych i okresowych, katechez oraz 20 minut przed ich rozpocz\u0119ciem nie ma mo\u017cliwo\u015bci zwiedzania ko\u015bcio\u0142a!<br><br>W dni powszednie ko\u015bci\u00f3\u0142 udost\u0119pniony jest dla zwiedzaj\u0105cych od godz. 9:00 do godz. 17:40. W niedziele i \u015bwi\u0119ta ko\u015bci\u00f3\u0142 mo\u017cna zwiedza\u0107 po zako\u0144czeniu niedzielnych nabo\u017ce\u0144stw od godz. 13:30 do godz. 17:40. W soboty nale\u017cy si\u0119 liczy\u0107 z wy\u0142\u0105czeniem ko\u015bcio\u0142a dla turyst\u00f3w w zwi\u0105zku ze \u015blubami.<br><br>Za porz\u0105dek zwiedzania odpowiedzialny jest ko\u015bcielny (b\u0105d\u017a inna osoba do tego upowa\u017cniona) \u2013 do ko\u015bcio\u0142a tury\u015bci i wycieczki wchodz\u0105 od zakrystii (pozosta\u0142e drzwi ko\u015bcio\u0142a poza nabo\u017ce\u0144stwami s\u0105 zamkni\u0119te).<br><br>Grupy turystyczne jak i wycieczkowe nale\u017cy\u00a0wcze\u015bniej zg\u0142osi\u0107 telefoniczne pod numerem telefonu 58\u00a0 681 20\u00a0 85, w czasie godzin urz\u0119dowania biura parafialnego:<br>poniedzia\u0142ek: 9:00 &#8211; 10:30,<br>\u015broda: 15:00 &#8211; 17:00,<br>czwartek: 9:00 &#8211; 10:30,<br>pi\u0105tek: 15:00 &#8211; 17:00,<br>sobota: 9:00 &#8211; 10:30.<br><br>Wewn\u0105trz ko\u015bcio\u0142a dost\u0119pne s\u0105 materia\u0142y wydane przez Parafi\u0119 lub z jej udzia\u0142em: przewodniki po kolegiacie, poczt\u00f3wki, foldery itp.<br><br>W kwiaciarni przy Kolegiacie do dyspozycji turyst\u00f3w udost\u0119pniono\u00a0WC.<br><br>Zach\u0119camy do odwiedzania\u00a0<strong><a href=\"https:\/\/refektarz.pl\/\" data-type=\"URL\" data-id=\"https:\/\/refektarz.pl\/\">GALERII REFEKTARZ<\/a><\/strong>, kt\u00f3re jest miejscem\u00a0wielu wystaw i imprez kulturowych. Z zaproszenia do prezentacji tu swoich dzie\u0142 korzystaj\u0105 zar\u00f3wno m\u0142odzi arty\u015bci, jak i wybitne autorytety.<br><br>Pod refektarzem znajduje si\u0119\u00a0<strong>KAWIARENKA POD REFEKTARZEM<\/strong>\u00a0z ofert\u0105 kulinarn\u0105 dla turyst\u00f3w.<br><br>Parking dla autobus\u00f3w znajduje si\u0119 w niewielkiej odleg\u0142o\u015bci od Kolegiaty przy Centrum Informacji Turystycznej &#8211; ul. Klasztorna 1. Dla samochod\u00f3w osobowych udost\u0119pniono parking przy ko\u015bciele.<br><br>Konserwacja i utrzymanie ko\u015bcio\u0142a m. in. jest mo\u017cliwe dzi\u0119ki ofiarom przyjmowanym od turyst\u00f3w, za kt\u00f3re sk\u0142adamy serdeczne podzi\u0119kowania &#8211; B\u00f3g zap\u0142a\u0107!<\/p>\n","protected":false},"excerpt":{"rendered":"<p>Dla Turyst\u00f3w Kolegiata pod wezwaniem Wniebowzi\u0119cia Naj\u015bwi\u0119tszej Maryi Panny w Kartuzach to najlepiej zachowany ko\u015bci\u00f3\u0142 zakonu kartuz\u00f3w na ziemiach polskich.\u00a0 [&hellip;]<\/p>\n","protected":false},"author":1,"featured_media":0,"parent":0,"menu_order":0,"comment_status":"closed","ping_status":"closed","template":"","meta":{"site-sidebar-layout":"default","site-content-layout":"plain-container","ast-site-content-layout":"","site-content-style":"default","site-sidebar-style":"default","ast-global-header-display":"","ast-banner-title-visibility":"","ast-main-header-display":"","ast-hfb-above-header-display":"","ast-hfb-below-header-display":"","ast-hfb-mobile-header-display":"","site-post-title":"disabled","ast-breadcrumbs-content":"","ast-featured-img":"","footer-sml-layout":"","theme-transparent-header-meta":"default","adv-header-id-meta":"","stick-header-meta":"","header-above-stick-meta":"","header-main-stick-meta":"","header-below-stick-meta":"","astra-migrate-meta-layouts":"default","ast-page-background-enabled":"default","ast-page-background-meta":{"desktop":{"background-color":"var(--ast-global-color-4)","background-image":"","background-repeat":"repeat","background-position":"center center","background-size":"auto","background-attachment":"scroll","background-type":"","background-media":"","overlay-type":"","overlay-color":"","overlay-opacity":"","overlay-gradient":""},"tablet":{"background-color":"","background-image":"","background-repeat":"repeat","background-position":"center center","background-size":"auto","background-attachment":"scroll","background-type":"","background-media":"","overlay-type":"","overlay-color":"","overlay-opacity":"","overlay-gradient":""},"mobile":{"background-color":"","background-image":"","background-repeat":"repeat","background-position":"center center","background-size":"auto","background-attachment":"scroll","background-type":"","background-media":"","overlay-type":"","overlay-color":"","overlay-opacity":"","overlay-gradient":""}},"ast-content-background-meta":{"desktop":{"background-color":"var(--ast-global-color-5)","background-image":"","background-repeat":"repeat","background-position":"center center","background-size":"auto","background-attachment":"scroll","background-type":"","background-media":"","overlay-type":"","overlay-color":"","overlay-opacity":"","overlay-gradient":""},"tablet":{"background-color":"var(--ast-global-color-5)","background-image":"","background-repeat":"repeat","background-position":"center center","background-size":"auto","background-attachment":"scroll","background-type":"","background-media":"","overlay-type":"","overlay-color":"","overlay-opacity":"","overlay-gradient":""},"mobile":{"background-color":"var(--ast-global-color-5)","background-image":"","background-repeat":"repeat","background-position":"center center","background-size":"auto","background-attachment":"scroll","background-type":"","background-media":"","overlay-type":"","overlay-color":"","overlay-opacity":"","overlay-gradient":""}},"advanced_seo_description":"","jetpack_seo_html_title":"","jetpack_seo_noindex":false,"footnotes":""},"class_list":["post-11","page","type-page","status-publish","hentry"],"jetpack-related-posts":[],"jetpack_sharing_enabled":true,"_links":{"self":[{"href":"https:\/\/kolegiatakartuzy.pl\/wp-test\/index.php?rest_route=\/wp\/v2\/pages\/11","targetHints":{"allow":["GET"]}}],"collection":[{"href":"https:\/\/kolegiatakartuzy.pl\/wp-test\/index.php?rest_route=\/wp\/v2\/pages"}],"about":[{"href":"https:\/\/kolegiatakartuzy.pl\/wp-test\/index.php?rest_route=\/wp\/v2\/types\/page"}],"author":[{"embeddable":true,"href":"https:\/\/kolegiatakartuzy.pl\/wp-test\/index.php?rest_route=\/wp\/v2\/users\/1"}],"replies":[{"embeddable":true,"href":"https:\/\/kolegiatakartuzy.pl\/wp-test\/index.php?rest_route=%2Fwp%2Fv2%2Fcomments&post=11"}],"version-history":[{"count":13,"href":"https:\/\/kolegiatakartuzy.pl\/wp-test\/index.php?rest_route=\/wp\/v2\/pages\/11\/revisions"}],"predecessor-version":[{"id":639,"href":"https:\/\/kolegiatakartuzy.pl\/wp-test\/index.php?rest_route=\/wp\/v2\/pages\/11\/revisions\/639"}],"wp:attachment":[{"href":"https:\/\/kolegiatakartuzy.pl\/wp-test\/index.php?rest_route=%2Fwp%2Fv2%2Fmedia&parent=11"}],"curies":[{"name":"wp","href":"https:\/\/api.w.org\/{rel}","templated":true}]}}