{"id":1387,"date":"2024-08-13T16:00:00","date_gmt":"2024-08-13T14:00:00","guid":{"rendered":"https:\/\/kolegiatakartuzy.pl\/wp-test\/?page_id=1387"},"modified":"2024-08-13T22:55:39","modified_gmt":"2024-08-13T20:55:39","slug":"standardy-ochrony-maloletnich-w-parafii","status":"publish","type":"page","link":"https:\/\/kolegiatakartuzy.pl\/wp-test\/?page_id=1387","title":{"rendered":"Standardy ochrony ma\u0142oletnich"},"content":{"rendered":"\n<p><\/p>\n\n\n\n<h3 class=\"wp-block-heading has-text-align-center\"><strong>STANDARDY OCHRONY MA\u0141OLETNICH W PARAFII<br>\u2013 SKR\u00d3T \u2013<\/strong><\/h3>\n\n\n\n<h4 class=\"wp-block-heading\"><strong>BEZPIECZNE ZASADY KONTAKTU<\/strong><\/h4>\n\n\n\n<p class=\"has-text-align-justify\">\u2756 Wybieraj oficjalne, og\u00f3lnodost\u0119pne i przygotowane miejsca do spotka\u0144. Sakrament pokuty i pojednania oraz spotkania modlitewne lub duchowe powinny odbywa\u0107 si\u0119 tylko w specjalnie do tego wyznaczonych miejscach, takich jak konfesjona\u0142, kaplica lub biuro parafialne.<br>\u2756 Unikaj przebywania z doros\u0142ym w odizolowanych warunkach.<br>\u2756 Nie przebywaj w parafialnych pomieszczeniach mieszkalnych bez opieki rodzica lub opiekuna prawnego.<br>\u2756 Pozostawaj zawsze pod opiek\u0105 osoby doros\u0142ej.<br>\u2756 Nie b\u0105d\u017a pod wy\u0142\u0105czn\u0105 opiek\u0105 innego dziecka.<br>\u2756 Nie podr\u00f3\u017cuj prywatnymi samochodami bez zgody rodzic\u00f3w lub opiekun\u00f3w.<br>\u2756 Nie przechod\u017a na &#8222;ty&#8221; z doros\u0142ym.<br>\u2756 Pami\u0119taj, \u017ce stosowanie przemocy fizycznej i psychicznej wobec Ciebie jest zakazane.<\/p>\n\n\n\n<h4 class=\"wp-block-heading\"><strong>BEZPIECZNE WYJAZDY<\/strong><\/h4>\n\n\n\n<p class=\"has-text-align-justify\">\u2756 Organizacja spotka\u0144:<br>o Twoi rodzice zawsze musz\u0105 wiedzie\u0107, kiedy b\u0119d\u0105 spotkania.<br>o Rodzice musz\u0105 zawsze wyrazi\u0107 pisemn\u0105 zgod\u0119 na Tw\u00f3j udzia\u0142.<br>o Twoi rodzice musz\u0105 pozna\u0107 okre\u015blone zasady odbioru i komunikacji elektronicznej.<br>o Podczas wyjazdu rodzice lub opiekunowie maj\u0105 prawo do kontaktu z Tob\u0105 lub opiekunem.<\/p>\n\n\n\n<h4 class=\"wp-block-heading\"><strong>BEZPIECZNY KONTAKT W \u015aRODOWISKU CYFROWYM<\/strong><\/h4>\n\n\n\n<p class=\"has-text-align-justify\">\u2756 Korzystanie z komunikator\u00f3w i e-maili:<br>o Pami\u0119taj, \u017ce nie jeste\u015b anonimowy. Uwa\u017caj, co piszesz w internecie.<br>o Doro\u015bli nie powinni wysy\u0142a\u0107 Ci wiadomo\u015bci po godzinie 22:00. Wyj\u0105tkiem jest sytuacja, gdy wiadomo\u015b\u0107 jest wysy\u0142ana do ca\u0142ej grupy i rodzice lub opiekunowie wyrazili na to zgod\u0119.<br>\u2756 Bezpieczny dost\u0119p do Internetu:<br>o Parafie, kt\u00f3re udost\u0119pniaj\u0105 Internet, musz\u0105 stosowa\u0107 \u015brodki bezpiecze\u0144stwa, kt\u00f3re blokuj\u0105 dost\u0119p do nieodpowiednich tre\u015bci.<br>o Dzi\u0119ki tym zabezpieczeniom, korzystanie z Internetu b\u0119dzie dla Ciebie bezpieczne i odpowiednie do Twojego wieku.<\/p>\n\n\n\n<h2 class=\"wp-block-heading\"><strong>Pami\u0119tajcie!<\/strong><\/h2>\n\n\n\n<p class=\"has-text-align-justify\">\u25aa <strong>Bezpiecze\u0144stwo<\/strong>: Wasze bezpiecze\u0144stwo jest najwa\u017cniejsze. Zawsze informujcie rodzic\u00f3w lub opiekun\u00f3w, gdzie si\u0119 znajdujecie i co robicie.<br>\u25aa <strong>Szacunek<\/strong>: W ka\u017cdej sytuacji pami\u0119tajcie o szacunku dla siebie nawzajem i dla os\u00f3b starszych.<br>\u25aa <strong>Zaufanie<\/strong>: Je\u015bli co\u015b Was niepokoi, zawsze mo\u017cecie porozmawia\u0107 z rodzicami, opiekunami lub duchownym, kt\u00f3remu ufacie.<\/p>\n\n\n\n<h4 class=\"wp-block-heading\"><strong>PONI\u017bEJ ZNAJDZIESZ WYKAZ NUMER\u00d3W TELEFON\u00d3W, POD KT\u00d3RYMI R\u00d3WNIE\u017b ZNAJDZIESZ WSPARCIE:<\/strong><\/h4>\n\n\n\n<p>\u2756 <a href=\"tel:800702222\">800 70 2222<\/a> \/ wsparcie w kryzysie psychicznym bezp\u0142atnie, ca\u0142odobowo, 7 dni w tygodniu<br>\u2756 <a href=\"tel:116123\">116 123<\/a> \/ wsparcie w kryzysie emocjonalnym bezp\u0142atnie, ca\u0142odobowo, 7 dni w tygodniu<br>\u2756 <a href=\"tel:225949100\">22 594 91 00<\/a> \/ wsparcie w depresji bezp\u0142atnie, \u015brody i czwartki w godz. 17.00-19.00<br>\u2756 <a href=\"tel:800108108\">800 108 108<\/a> \/ wsparcie dla os\u00f3b w \u017ca\u0142obie i po stracie bezp\u0142atnie, w dni powszednie w godz. 14.00-20.00<br>\u2756 <a href=\"tel:112\">112<\/a> \/ numer alarmowy bezp\u0142atnie, ca\u0142odobowo, 7 dni w tygodniu<\/p>\n\n\n\n<h4 class=\"wp-block-heading\"><strong>OSOBA ZAUFANIA W PARAFII:<\/strong><\/h4>\n\n\n\n<p>Pawe\u0142 ZIEMANN, tel. +48 665 982 531<\/p>\n\n\n\n<h5 class=\"wp-block-heading\">Z pe\u0142n\u0105 wersj\u0105 standard\u00f3w ochrony ma\u0142oletnich w parafii mo\u017cna zapozna\u0107 si\u0119 w biurze parafialnym albo klikaj\u0105c w poni\u017cszy link:<br><a href=\"https:\/\/kolegiatakartuzy.pl\/wp-test\/wp-content\/uploads\/2024\/08\/Standardy-ochrony-maloletnich_strona-internetowa.pdf\">Standardy ochrony ma\u0142oletnich w parafii<\/a>.<\/h5>\n\n\n\n<p><\/p>\n\n\n\n<figure class=\"wp-block-image aligncenter size-large\"><img data-recalc-dims=\"1\" loading=\"lazy\" decoding=\"async\" width=\"1024\" height=\"724\" src=\"https:\/\/i0.wp.com\/kolegiatakartuzy.pl\/wp-test\/wp-content\/uploads\/2024\/08\/5_Standardy_Ochrony_Dzieci_propozycja-grafiki.png?resize=1024%2C724&#038;ssl=1\" alt=\"\" class=\"wp-image-1391\" srcset=\"https:\/\/i0.wp.com\/kolegiatakartuzy.pl\/wp-test\/wp-content\/uploads\/2024\/08\/5_Standardy_Ochrony_Dzieci_propozycja-grafiki.png?resize=1024%2C724&amp;ssl=1 1024w, https:\/\/i0.wp.com\/kolegiatakartuzy.pl\/wp-test\/wp-content\/uploads\/2024\/08\/5_Standardy_Ochrony_Dzieci_propozycja-grafiki.png?resize=300%2C212&amp;ssl=1 300w, https:\/\/i0.wp.com\/kolegiatakartuzy.pl\/wp-test\/wp-content\/uploads\/2024\/08\/5_Standardy_Ochrony_Dzieci_propozycja-grafiki.png?resize=768%2C543&amp;ssl=1 768w, https:\/\/i0.wp.com\/kolegiatakartuzy.pl\/wp-test\/wp-content\/uploads\/2024\/08\/5_Standardy_Ochrony_Dzieci_propozycja-grafiki.png?resize=1536%2C1086&amp;ssl=1 1536w, https:\/\/i0.wp.com\/kolegiatakartuzy.pl\/wp-test\/wp-content\/uploads\/2024\/08\/5_Standardy_Ochrony_Dzieci_propozycja-grafiki.png?w=2000&amp;ssl=1 2000w\" sizes=\"auto, (max-width: 1000px) 100vw, 1000px\" \/><\/figure>\n\n\n\n<p><\/p>\n\n\n\n<p><\/p>\n","protected":false},"excerpt":{"rendered":"<p>STANDARDY OCHRONY MA\u0141OLETNICH W PARAFII\u2013 SKR\u00d3T \u2013 BEZPIECZNE ZASADY KONTAKTU \u2756 Wybieraj oficjalne, og\u00f3lnodost\u0119pne i przygotowane miejsca do spotka\u0144. Sakrament [&hellip;]<\/p>\n","protected":false},"author":3,"featured_media":0,"parent":0,"menu_order":0,"comment_status":"closed","ping_status":"closed","template":"","meta":{"site-sidebar-layout":"default","site-content-layout":"","ast-site-content-layout":"default","site-content-style":"default","site-sidebar-style":"default","ast-global-header-display":"","ast-banner-title-visibility":"","ast-main-header-display":"","ast-hfb-above-header-display":"","ast-hfb-below-header-display":"","ast-hfb-mobile-header-display":"","site-post-title":"disabled","ast-breadcrumbs-content":"","ast-featured-img":"","footer-sml-layout":"","theme-transparent-header-meta":"","adv-header-id-meta":"","stick-header-meta":"","header-above-stick-meta":"","header-main-stick-meta":"","header-below-stick-meta":"","astra-migrate-meta-layouts":"set","ast-page-background-enabled":"default","ast-page-background-meta":{"desktop":{"background-color":"var(--ast-global-color-4)","background-image":"","background-repeat":"repeat","background-position":"center center","background-size":"auto","background-attachment":"scroll","background-type":"","background-media":"","overlay-type":"","overlay-color":"","overlay-opacity":"","overlay-gradient":""},"tablet":{"background-color":"","background-image":"","background-repeat":"repeat","background-position":"center center","background-size":"auto","background-attachment":"scroll","background-type":"","background-media":"","overlay-type":"","overlay-color":"","overlay-opacity":"","overlay-gradient":""},"mobile":{"background-color":"","background-image":"","background-repeat":"repeat","background-position":"center center","background-size":"auto","background-attachment":"scroll","background-type":"","background-media":"","overlay-type":"","overlay-color":"","overlay-opacity":"","overlay-gradient":""}},"ast-content-background-meta":{"desktop":{"background-color":"var(--ast-global-color-5)","background-image":"","background-repeat":"repeat","background-position":"center center","background-size":"auto","background-attachment":"scroll","background-type":"","background-media":"","overlay-type":"","overlay-color":"","overlay-opacity":"","overlay-gradient":""},"tablet":{"background-color":"var(--ast-global-color-5)","background-image":"","background-repeat":"repeat","background-position":"center center","background-size":"auto","background-attachment":"scroll","background-type":"","background-media":"","overlay-type":"","overlay-color":"","overlay-opacity":"","overlay-gradient":""},"mobile":{"background-color":"var(--ast-global-color-5)","background-image":"","background-repeat":"repeat","background-position":"center center","background-size":"auto","background-attachment":"scroll","background-type":"","background-media":"","overlay-type":"","overlay-color":"","overlay-opacity":"","overlay-gradient":""}},"advanced_seo_description":"","jetpack_seo_html_title":"","jetpack_seo_noindex":false,"footnotes":""},"class_list":["post-1387","page","type-page","status-publish","hentry"],"jetpack-related-posts":[],"jetpack_sharing_enabled":true,"_links":{"self":[{"href":"https:\/\/kolegiatakartuzy.pl\/wp-test\/index.php?rest_route=\/wp\/v2\/pages\/1387","targetHints":{"allow":["GET"]}}],"collection":[{"href":"https:\/\/kolegiatakartuzy.pl\/wp-test\/index.php?rest_route=\/wp\/v2\/pages"}],"about":[{"href":"https:\/\/kolegiatakartuzy.pl\/wp-test\/index.php?rest_route=\/wp\/v2\/types\/page"}],"author":[{"embeddable":true,"href":"https:\/\/kolegiatakartuzy.pl\/wp-test\/index.php?rest_route=\/wp\/v2\/users\/3"}],"replies":[{"embeddable":true,"href":"https:\/\/kolegiatakartuzy.pl\/wp-test\/index.php?rest_route=%2Fwp%2Fv2%2Fcomments&post=1387"}],"version-history":[{"count":17,"href":"https:\/\/kolegiatakartuzy.pl\/wp-test\/index.php?rest_route=\/wp\/v2\/pages\/1387\/revisions"}],"predecessor-version":[{"id":1413,"href":"https:\/\/kolegiatakartuzy.pl\/wp-test\/index.php?rest_route=\/wp\/v2\/pages\/1387\/revisions\/1413"}],"wp:attachment":[{"href":"https:\/\/kolegiatakartuzy.pl\/wp-test\/index.php?rest_route=%2Fwp%2Fv2%2Fmedia&parent=1387"}],"curies":[{"name":"wp","href":"https:\/\/api.w.org\/{rel}","templated":true}]}}