{"id":16,"date":"2022-02-21T12:28:00","date_gmt":"2022-02-21T11:28:00","guid":{"rendered":"http:\/\/kolegiatakartuzy.pl\/wp-test\/?page_id=16"},"modified":"2022-02-22T18:01:43","modified_gmt":"2022-02-22T17:01:43","slug":"biuro-parafialne","status":"publish","type":"page","link":"https:\/\/kolegiatakartuzy.pl\/wp-test\/?page_id=16","title":{"rendered":"Biuro Parafialne"},"content":{"rendered":"\n<p><\/p>\n\n\n\n<h2 class=\"wp-block-heading\" id=\"biuro-parafialne\"><strong>BIURO PARAFIALNE<\/strong><\/h2>\n\n\n\n<hr class=\"wp-block-separator has-text-color has-background has-ast-global-color-0-background-color has-ast-global-color-0-color is-style-default\"\/>\n\n\n\n<h4 class=\"wp-block-heading\" id=\"w-biurze-parafialnym-mozna\"><strong>W biurze parafialnym mo\u017cna:<\/strong><\/h4>\n\n\n\n<p id=\"w-biurze-parafialnym-mozna\">1. porozmawia\u0107 z duszpasterzem,<br>2. zam\u00f3wi\u0107 intencje Mszy \u015bw.,<br>3. otrzyma\u0107 potrzebne za\u015bwiadczenia, metryki, itp.<br>4. zg\u0142osi\u0107 chrzest, \u015blub, pogrzeb&#8230;<br>5. poprosi\u0107 o udzielenie bliskim Sakramentu Chorych<\/p>\n\n\n\n<p class=\"has-text-align-justify\" id=\"sprawy-ktore-zalatwiamy-w-kancelarii-parafialnej-maja-czesto-zwiazek-z-przelomowymi-momentami-zycia-naszego-lub-naszych-bliskich-wytyczne-ktore-zebrano-w-zakladce-sakramenty-maja-ulatwic-przeprowadzenie-tych-spraw-szczegolnie-gdy-kontakt-z-parafia-bywa-raczej-sporadyczny-zachecamy-do-lektury\">Sprawy, kt\u00f3re za\u0142atwiamy w kancelarii parafialnej maj\u0105 cz\u0119sto zwi\u0105zek z prze\u0142omowymi momentami \u017cycia naszego lub naszych Bliskich. Wytyczne, kt\u00f3re zebrano w zak\u0142adce<strong>&nbsp;sakramenty<\/strong>, maj\u0105 u\u0142atwi\u0107 przeprowadzenie tych spraw, szczeg\u00f3lnie gdy kontakt z Parafi\u0105 bywa raczej sporadyczny.&nbsp; Zach\u0119camy do lektury.<\/p>\n\n\n\n<div class=\"wp-block-media-text alignwide has-media-on-the-right is-stacked-on-mobile\" style=\"grid-template-columns:auto 61%\"><figure class=\"wp-block-media-text__media\"><img data-recalc-dims=\"1\" loading=\"lazy\" decoding=\"async\" width=\"1024\" height=\"683\" src=\"https:\/\/i0.wp.com\/kolegiatakartuzy.pl\/wp-test\/wp-content\/uploads\/2022\/02\/Kolegiata_Lato_003.jpg?resize=1024%2C683&#038;ssl=1\" alt=\"\" class=\"wp-image-77 size-full\" srcset=\"https:\/\/i0.wp.com\/kolegiatakartuzy.pl\/wp-test\/wp-content\/uploads\/2022\/02\/Kolegiata_Lato_003.jpg?resize=1024%2C683&amp;ssl=1 1024w, https:\/\/i0.wp.com\/kolegiatakartuzy.pl\/wp-test\/wp-content\/uploads\/2022\/02\/Kolegiata_Lato_003.jpg?resize=300%2C200&amp;ssl=1 300w, https:\/\/i0.wp.com\/kolegiatakartuzy.pl\/wp-test\/wp-content\/uploads\/2022\/02\/Kolegiata_Lato_003.jpg?resize=768%2C512&amp;ssl=1 768w, https:\/\/i0.wp.com\/kolegiatakartuzy.pl\/wp-test\/wp-content\/uploads\/2022\/02\/Kolegiata_Lato_003.jpg?resize=1536%2C1024&amp;ssl=1 1536w, https:\/\/i0.wp.com\/kolegiatakartuzy.pl\/wp-test\/wp-content\/uploads\/2022\/02\/Kolegiata_Lato_003.jpg?w=2048&amp;ssl=1 2048w\" sizes=\"auto, (max-width: 1000px) 100vw, 1000px\" \/><\/figure><div class=\"wp-block-media-text__content\">\n<h4 class=\"has-text-align-left wp-block-heading\" id=\"godziny-urzedowania-poniedzialek-9-00-10-30wtorek-nieczynnesroda-15-00-17-00czwartek-9-00-10-30piatek-15-00-17-00sobota-9-00-10-30numer-telefonu-kontaktowego-58-681-20-85\"><strong>Godziny urz\u0119dowania:<\/strong><br><br>Poniedzia\u0142ek: <mark style=\"background-color:rgba(0, 0, 0, 0)\" class=\"has-inline-color has-ast-global-color-0-color\">9:00 &#8211; 10:30<\/mark><br><br>Wtorek: <mark style=\"background-color:rgba(0, 0, 0, 0)\" class=\"has-inline-color has-ast-global-color-0-color\">NIECZYNNE<\/mark><br><br>\u015aroda: <mark style=\"background-color:rgba(0, 0, 0, 0)\" class=\"has-inline-color has-ast-global-color-0-color\">15:00 &#8211; 17:00<\/mark><br><br>Czwartek: <mark style=\"background-color:rgba(0, 0, 0, 0)\" class=\"has-inline-color has-ast-global-color-0-color\">9:00 &#8211; 10:30<\/mark><br><br>Pi\u0105tek: <mark style=\"background-color:rgba(0, 0, 0, 0)\" class=\"has-inline-color has-ast-global-color-0-color\">15:00 &#8211; 17:00<\/mark><br><br>Sobota: <mark style=\"background-color:rgba(0, 0, 0, 0)\" class=\"has-inline-color has-ast-global-color-0-color\">9:00 &#8211; 10:30<\/mark><br><br><strong>Numer telefonu kontaktowego:<\/strong> <br><a href=\"tel: +48 586812085\">58 681 20 85<\/a><\/h4>\n<\/div><\/div>\n\n\n\n<p><\/p>\n","protected":false},"excerpt":{"rendered":"<p>BIURO PARAFIALNE W biurze parafialnym mo\u017cna: 1. porozmawia\u0107 z duszpasterzem,2. zam\u00f3wi\u0107 intencje Mszy \u015bw.,3. otrzyma\u0107 potrzebne za\u015bwiadczenia, metryki, itp.4. zg\u0142osi\u0107 [&hellip;]<\/p>\n","protected":false},"author":1,"featured_media":0,"parent":0,"menu_order":0,"comment_status":"closed","ping_status":"closed","template":"","meta":{"site-sidebar-layout":"default","site-content-layout":"","ast-site-content-layout":"","site-content-style":"default","site-sidebar-style":"default","ast-global-header-display":"","ast-banner-title-visibility":"","ast-main-header-display":"","ast-hfb-above-header-display":"","ast-hfb-below-header-display":"","ast-hfb-mobile-header-display":"","site-post-title":"disabled","ast-breadcrumbs-content":"","ast-featured-img":"","footer-sml-layout":"","theme-transparent-header-meta":"","adv-header-id-meta":"","stick-header-meta":"","header-above-stick-meta":"","header-main-stick-meta":"","header-below-stick-meta":"","astra-migrate-meta-layouts":"default","ast-page-background-enabled":"default","ast-page-background-meta":{"desktop":{"background-color":"var(--ast-global-color-4)","background-image":"","background-repeat":"repeat","background-position":"center center","background-size":"auto","background-attachment":"scroll","background-type":"","background-media":"","overlay-type":"","overlay-color":"","overlay-opacity":"","overlay-gradient":""},"tablet":{"background-color":"","background-image":"","background-repeat":"repeat","background-position":"center center","background-size":"auto","background-attachment":"scroll","background-type":"","background-media":"","overlay-type":"","overlay-color":"","overlay-opacity":"","overlay-gradient":""},"mobile":{"background-color":"","background-image":"","background-repeat":"repeat","background-position":"center center","background-size":"auto","background-attachment":"scroll","background-type":"","background-media":"","overlay-type":"","overlay-color":"","overlay-opacity":"","overlay-gradient":""}},"ast-content-background-meta":{"desktop":{"background-color":"var(--ast-global-color-5)","background-image":"","background-repeat":"repeat","background-position":"center center","background-size":"auto","background-attachment":"scroll","background-type":"","background-media":"","overlay-type":"","overlay-color":"","overlay-opacity":"","overlay-gradient":""},"tablet":{"background-color":"var(--ast-global-color-5)","background-image":"","background-repeat":"repeat","background-position":"center center","background-size":"auto","background-attachment":"scroll","background-type":"","background-media":"","overlay-type":"","overlay-color":"","overlay-opacity":"","overlay-gradient":""},"mobile":{"background-color":"var(--ast-global-color-5)","background-image":"","background-repeat":"repeat","background-position":"center center","background-size":"auto","background-attachment":"scroll","background-type":"","background-media":"","overlay-type":"","overlay-color":"","overlay-opacity":"","overlay-gradient":""}},"advanced_seo_description":"","jetpack_seo_html_title":"","jetpack_seo_noindex":false,"footnotes":""},"class_list":["post-16","page","type-page","status-publish","hentry"],"jetpack-related-posts":[],"jetpack_sharing_enabled":true,"_links":{"self":[{"href":"https:\/\/kolegiatakartuzy.pl\/wp-test\/index.php?rest_route=\/wp\/v2\/pages\/16","targetHints":{"allow":["GET"]}}],"collection":[{"href":"https:\/\/kolegiatakartuzy.pl\/wp-test\/index.php?rest_route=\/wp\/v2\/pages"}],"about":[{"href":"https:\/\/kolegiatakartuzy.pl\/wp-test\/index.php?rest_route=\/wp\/v2\/types\/page"}],"author":[{"embeddable":true,"href":"https:\/\/kolegiatakartuzy.pl\/wp-test\/index.php?rest_route=\/wp\/v2\/users\/1"}],"replies":[{"embeddable":true,"href":"https:\/\/kolegiatakartuzy.pl\/wp-test\/index.php?rest_route=%2Fwp%2Fv2%2Fcomments&post=16"}],"version-history":[{"count":17,"href":"https:\/\/kolegiatakartuzy.pl\/wp-test\/index.php?rest_route=\/wp\/v2\/pages\/16\/revisions"}],"predecessor-version":[{"id":318,"href":"https:\/\/kolegiatakartuzy.pl\/wp-test\/index.php?rest_route=\/wp\/v2\/pages\/16\/revisions\/318"}],"wp:attachment":[{"href":"https:\/\/kolegiatakartuzy.pl\/wp-test\/index.php?rest_route=%2Fwp%2Fv2%2Fmedia&parent=16"}],"curies":[{"name":"wp","href":"https:\/\/api.w.org\/{rel}","templated":true}]}}