{"id":18,"date":"2022-02-21T12:29:07","date_gmt":"2022-02-21T11:29:07","guid":{"rendered":"http:\/\/kolegiatakartuzy.pl\/wp-test\/?page_id=18"},"modified":"2024-09-05T22:34:45","modified_gmt":"2024-09-05T20:34:45","slug":"informacje","status":"publish","type":"page","link":"https:\/\/kolegiatakartuzy.pl\/wp-test\/?page_id=18","title":{"rendered":"Informacje"},"content":{"rendered":"\n<h2 class=\"wp-block-heading\"><\/h2>\n\n\n\n<h4 class=\"wp-block-heading\" id=\"proboszcz-parafii\"><strong>Proboszcz Parafii:<\/strong><\/h4>\n\n\n\n<p id=\"ks-pralat-piotr-krupinski\">ks. Pra\u0142at Piotr Krupi\u0144ski<br>tel. kontaktowy: <a href=\"tel:+48509384250\">+48 509 384 250<\/a><\/p>\n\n\n\n<h4 class=\"wp-block-heading\" id=\"wikariusze\"><strong>Wikariusze:<\/strong><\/h4>\n\n\n\n<p id=\"ks-karol-ciesielski\">ks.\u00a0Robert Ratkowski<br>ks. Karol Sosnowski<\/p>\n\n\n\n<h4 class=\"wp-block-heading\" id=\"pomoc-duszpasterska\"><strong>Pomoc duszpasterska:<\/strong><\/h4>\n\n\n\n<p id=\"ks-pralat-piotr-tisler-postulator-procesu-beatyfikacyjnego-slugi-bozego-biskupa-konstantyna-dominika\">ks. Pra\u0142at Piotr Tisler,<br>postulator procesu beatyfikacyjnego S\u0142ugi Bo\u017cego Biskupa Konstantyna Dominika<\/p>\n\n\n\n<h4 class=\"wp-block-heading\" id=\"osoba-pierwszego-kontaktu-w-przypadku-zauwazenia-sygnalow-krzywdzenia-dziecka-w-srodowisku-koscielnym\"><strong>Osoba pierwszego kontaktu w przypadku zauwa\u017cenia sygna\u0142\u00f3w krzywdzenia dziecka w \u015brodowisku ko\u015bcielnym:<\/strong><\/h4>\n\n\n\n<p id=\"pawel-ziemann-tel-kontaktowy-48-665-982-531\">Pawe\u0142 Ziemann, <br>tel. kontaktowy: <a href=\"tel:+48665982531\">+48 665 982 531<\/a><\/p>\n\n\n\n<h4 class=\"wp-block-heading\" id=\"zakrystianin\"><strong>Zakrystianin:<\/strong><\/h4>\n\n\n\n<p id=\"roman-szymanski\">Roman Szyma\u0144ski<br>Marek Szyma\u0144ski<br>Mieczys\u0142aw Laska<br>Jan Kot\u0142owski<\/p>\n\n\n\n<h4 class=\"wp-block-heading\" id=\"organista\"><strong>Organista:<\/strong><\/h4>\n\n\n\n<p id=\"mariusz-kozicki\">Mariusz Kozicki<\/p>\n","protected":false},"excerpt":{"rendered":"<p>Proboszcz Parafii: ks. Pra\u0142at Piotr Krupi\u0144skitel. kontaktowy: +48 509 384 250 Wikariusze: ks.\u00a0Robert Ratkowskiks. Karol Sosnowski Pomoc duszpasterska: ks. Pra\u0142at [&hellip;]<\/p>\n","protected":false},"author":1,"featured_media":0,"parent":0,"menu_order":0,"comment_status":"closed","ping_status":"closed","template":"","meta":{"site-sidebar-layout":"default","site-content-layout":"plain-container","ast-site-content-layout":"normal-width-container","site-content-style":"unboxed","site-sidebar-style":"unboxed","ast-global-header-display":"","ast-banner-title-visibility":"","ast-main-header-display":"","ast-hfb-above-header-display":"","ast-hfb-below-header-display":"","ast-hfb-mobile-header-display":"","site-post-title":"disabled","ast-breadcrumbs-content":"","ast-featured-img":"","footer-sml-layout":"","theme-transparent-header-meta":"","adv-header-id-meta":"","stick-header-meta":"","header-above-stick-meta":"","header-main-stick-meta":"","header-below-stick-meta":"","astra-migrate-meta-layouts":"set","ast-page-background-enabled":"default","ast-page-background-meta":{"desktop":{"background-color":"var(--ast-global-color-4)","background-image":"","background-repeat":"repeat","background-position":"center center","background-size":"auto","background-attachment":"scroll","background-type":"","background-media":"","overlay-type":"","overlay-color":"","overlay-opacity":"","overlay-gradient":""},"tablet":{"background-color":"","background-image":"","background-repeat":"repeat","background-position":"center center","background-size":"auto","background-attachment":"scroll","background-type":"","background-media":"","overlay-type":"","overlay-color":"","overlay-opacity":"","overlay-gradient":""},"mobile":{"background-color":"","background-image":"","background-repeat":"repeat","background-position":"center center","background-size":"auto","background-attachment":"scroll","background-type":"","background-media":"","overlay-type":"","overlay-color":"","overlay-opacity":"","overlay-gradient":""}},"ast-content-background-meta":{"desktop":{"background-color":"var(--ast-global-color-5)","background-image":"","background-repeat":"repeat","background-position":"center center","background-size":"auto","background-attachment":"scroll","background-type":"","background-media":"","overlay-type":"","overlay-color":"","overlay-opacity":"","overlay-gradient":""},"tablet":{"background-color":"var(--ast-global-color-5)","background-image":"","background-repeat":"repeat","background-position":"center center","background-size":"auto","background-attachment":"scroll","background-type":"","background-media":"","overlay-type":"","overlay-color":"","overlay-opacity":"","overlay-gradient":""},"mobile":{"background-color":"var(--ast-global-color-5)","background-image":"","background-repeat":"repeat","background-position":"center center","background-size":"auto","background-attachment":"scroll","background-type":"","background-media":"","overlay-type":"","overlay-color":"","overlay-opacity":"","overlay-gradient":""}},"advanced_seo_description":"","jetpack_seo_html_title":"","jetpack_seo_noindex":false,"footnotes":""},"class_list":["post-18","page","type-page","status-publish","hentry"],"jetpack-related-posts":[],"jetpack_sharing_enabled":true,"_links":{"self":[{"href":"https:\/\/kolegiatakartuzy.pl\/wp-test\/index.php?rest_route=\/wp\/v2\/pages\/18","targetHints":{"allow":["GET"]}}],"collection":[{"href":"https:\/\/kolegiatakartuzy.pl\/wp-test\/index.php?rest_route=\/wp\/v2\/pages"}],"about":[{"href":"https:\/\/kolegiatakartuzy.pl\/wp-test\/index.php?rest_route=\/wp\/v2\/types\/page"}],"author":[{"embeddable":true,"href":"https:\/\/kolegiatakartuzy.pl\/wp-test\/index.php?rest_route=\/wp\/v2\/users\/1"}],"replies":[{"embeddable":true,"href":"https:\/\/kolegiatakartuzy.pl\/wp-test\/index.php?rest_route=%2Fwp%2Fv2%2Fcomments&post=18"}],"version-history":[{"count":8,"href":"https:\/\/kolegiatakartuzy.pl\/wp-test\/index.php?rest_route=\/wp\/v2\/pages\/18\/revisions"}],"predecessor-version":[{"id":1437,"href":"https:\/\/kolegiatakartuzy.pl\/wp-test\/index.php?rest_route=\/wp\/v2\/pages\/18\/revisions\/1437"}],"wp:attachment":[{"href":"https:\/\/kolegiatakartuzy.pl\/wp-test\/index.php?rest_route=%2Fwp%2Fv2%2Fmedia&parent=18"}],"curies":[{"name":"wp","href":"https:\/\/api.w.org\/{rel}","templated":true}]}}