{"id":20,"date":"2022-02-21T12:30:48","date_gmt":"2022-02-21T11:30:48","guid":{"rendered":"http:\/\/kolegiatakartuzy.pl\/wp-test\/?page_id=20"},"modified":"2024-07-06T17:42:49","modified_gmt":"2024-07-06T15:42:49","slug":"koncerty","status":"publish","type":"page","link":"https:\/\/kolegiatakartuzy.pl\/wp-test\/?page_id=20","title":{"rendered":"Koncerty"},"content":{"rendered":"\n<p><\/p>\n\n\n\n<h2 class=\"wp-block-heading\" id=\"koncerty\"><strong>KONCERTY<\/strong><\/h2>\n\n\n\n<hr class=\"wp-block-separator has-text-color has-ast-global-color-0-color has-css-opacity has-ast-global-color-0-background-color has-background is-style-default\"\/>\n\n\n\n<p class=\"has-text-align-justify\" id=\"co-roku-w-okresie-letnim-w-kolegiacie-odbywaja-sie-koncerty-bez-watpienia-mozliwosc-wysluchania-muzyki-w-tak-unikalnym-wnetrzu-swiatyni-czyni-je-czyms-wyjatkowym-polaczenie-muzyki-z-wnetrzami-tego-zabytkowego-kosciola-dostarcza-niesamowitych-przezyc-i-stwarza-niepowtarzalna-atmosfere\">Co roku w okresie letnim w Kolegiacie odbywaj\u0105 si\u0119 koncerty. Bez w\u0105tpienia mo\u017cliwo\u015b\u0107 wys\u0142uchania muzyki w tak unikalnym wn\u0119trzu \u015bwi\u0105tyni, czyni je czym\u015b wyj\u0105tkowym. Po\u0142\u0105czenie muzyki z wn\u0119trzami tego zabytkowego ko\u015bcio\u0142a dostarcza niesamowitych prze\u017cy\u0107 i stwarza niepowtarzaln\u0105 atmosfer\u0119. <br>Na koncertach wykonywane s\u0105 utwory muzyki barokowej, klasycznej, romantycznej, filmowej we w\u0142asnych aran\u017cacjach wykonawc\u00f3w.<\/p>\n\n\n\n<p>W roku 2024 przygotowujemy dla Pa\u0144stwa 4 kolejne koncerty.<\/p>\n\n\n\n<h3 class=\"wp-block-heading\">Podczas pierwszego z nich &#8211;&nbsp;<strong>7 lipca (niedziela)&nbsp;<\/strong>wyst\u0105pi\u0105:<\/h3>\n\n\n\n<p class=\"has-text-align-justify\"><strong>Ewelina Ma\u0142aczewska<\/strong>&nbsp;\u2013 sopran,&nbsp;<strong>Maciej Afanasjew&nbsp;<\/strong>\u2013 skrzypce, skrzypce elektryczne,&nbsp;<strong>Pawe\u0142 G\u0142owi\u0144ski&nbsp;<\/strong>\u2013 organy. Programie koncertu us\u0142yszymy&nbsp;Preludium i Fuga c-moll BWV 546 Jana Sebastiana Bacha (1685-1750),&nbsp;Maddalena ai piedi di Cristo&nbsp;Antonia Caldary (1670-1736), improwizacj\u0119 na skrzypce elektryczne i organy oraz&nbsp;Sortie Es-dur&nbsp;Louisa J. A. Lefebure-Wely &nbsp;(1817-1869).&nbsp;<\/p>\n\n\n\n<h3 class=\"wp-block-heading\">Drugim dniem Festiwalu b\u0119dzie niedziela 21 lipca 2024.<\/h3>\n\n\n\n<p class=\"has-text-align-justify\">Wyst\u0105pi\u0105\u00a0<strong>Wojciech Kopyci\u0144ski\u00a0<\/strong>&#8211; puzon i\u00a0<strong>Micha\u0142 Kopyci\u0144ski\u00a0<\/strong>\u2013 organy. W wykonaniu artyst\u00f3w us\u0142yszymy Toccat\u0119 septima Jacoba Frobergera (1616-1667), \u201eLascia qui pianga\u201d Georga Friedricha Haendela (1685-1759), Nun komm, der Heiden Heiland BWV 659 i Wachet auf, ruft uns die Stimme BWV 645 Johanna Sebastiana Bacha (1685-1750), Ciacona f-moll Johanna Pachelbela (1653-1706), Priere Felixa Borowskiego (1872-1956), Apres un reve Gabriela Faure (1845-1924), O Welt, ich muss dich lassen i Es ist ein Ros entsprungen op. 122 Johannesa Brahmsa (1833-1897) oraz Sonat\u0119 F-dur \u00a0cz. I Largo, cz. II Allegro Benedetta Marcelliego (1686-1739).<\/p>\n\n\n\n<h3 class=\"wp-block-heading\">Trzeci dzie\u0144 festiwalowych muzycznych dozna\u0144 to niedziela, 4 sierpnia.<\/h3>\n\n\n\n<p class=\"has-text-align-justify\"><strong>Ewa B\u0105k\u00a0<\/strong>\u2013 organy oraz\u00a0<strong>Zesp\u00f3\u0142 LIARMAN\u00a0<\/strong>w sk\u0142adzie:\u00a0<strong>Susana Raso\u00a0<\/strong>&#8211; mezzosopran,\u00a0<strong>Lidia Ma\u0142yszek\u00a0<\/strong>&#8211; flet,\u00a0<strong>\u0141ukasz Gaszler\u00a0<\/strong>&#8211; gitara.\u00a0<br>W programie koncertu arty\u015bci zaprezentuj\u0105: Allemande Johanna Hermanna Scheina (1586-1630), Cantio Polonica Wojciecha D\u0142ugoraja (1557 \u2013 1619), Parson\u2019s Farewell Johna Playforda (1623-1683), Awake Sweet Love Johna Dowlanda (1563-1626), Espa\u00f1oletas Gaspara Sanza (1640-1710), Toccata Wilhelma Ernsta Bacha (1759-1845), Sonata per organo Mariai Teresy Pinottini (1720-1795), Marcia Brillante Polibia Fumagalliego (1837-1908), Humoreska op. 101 nr 7 Antoniniego Dvoraka (1841-1904), Cortage op 130 nr 2 Jeana Marie Plum (1899-1944), Ze zbioru Stare Pie\u015bni Hiszpa\u0144kie z XIX: Zorongo, La Tarara F. Garcii Lorca (1898-1936), Hiszpan do wiersza La gitary ze zbioru Poema del Cante Jondo F. Garcii Lorki \u0141ukasza Gaszlera,\u00a0<br>El Vito opr. Adri\u00e1n C. Hall\u00e9 Anonima flamenco z XIX w.\u00a0<\/p>\n\n\n\n<h3 class=\"wp-block-heading\">Ostatnim dniem 42. Kartuskiego Festiwalu Muzyki Organowej i Kameralnej b\u0119dzie czwartek, 15 sierpnia.<\/h3>\n\n\n\n<p class=\"has-text-align-justify\">W tym dniu w kartuskiej Kolegiacie wyst\u0105pi\u0105:&nbsp;<strong>Anna Kinga Osior&nbsp;<\/strong>\u2013 sopran,&nbsp;<strong>Zbigniew Gach&nbsp;<\/strong>&#8211; organy i&nbsp;<strong>Orkiestra Kameralna Camerata Baltica<\/strong>.<br>W programie koncertu utwory Georga Freidricha Haendela &nbsp;(1685-1759): Organ Concerto B-flat major op. 4 No. 6, I. Andante \u2013 Allegro, II. Larghetto, III. Allegro Moderato; Guidiego Prospera (1817?-1883?) &#8211; Maria Mater Gratie; Edwarda Elgara (1857-1934) &#8211; Salut d\u2019 Amour Op.12; Ave Maria Andrzeja Wandzika; Johanna Sebastiana Bacha (1685-1750):&nbsp;Concerto a-moll BWV 593 wg. Antonio Vivaldiego, cz. I Allegro oraz Largo i Gloria RV589 Domine Deus Antonio Vivaldiego (!678-1741); Tomasa Albinoniego (1671-1751) &#8211; Adagio; Franza Schuberta ( 1797-1828) &#8211; Serenada; oraz Ave Maria z Cavalleria Rusticana Pietra Mascagniego (1863-1945<\/p>\n\n\n\n<p class=\"has-text-align-right\">(\u017ar\u00f3d\u0142o: <a href=\"https:\/\/www.kartuzy.pl\/kartuskifestiwal\">https:\/\/www.kartuzy.pl\/kartuskifestiwal<\/a>)<\/p>\n\n\n\n<p>Szczeg\u00f3\u0142y koncert\u00f3w:\u00a0<strong><a href=\"http:\/\/www.kartuzy.pl\/kartuskifestiwal\">www.kartuzy.pl\/kartuskifestiwal<\/a><\/strong><\/p>\n\n\n\n<figure class=\"wp-block-image aligncenter size-large\"><img data-recalc-dims=\"1\" loading=\"lazy\" decoding=\"async\" width=\"1024\" height=\"683\" src=\"https:\/\/i0.wp.com\/kolegiatakartuzy.pl\/wp-test\/wp-content\/uploads\/2022\/02\/Kolegiata_Inwentaryzacja-185.jpg?resize=1024%2C683&#038;ssl=1\" alt=\"\" class=\"wp-image-103\" srcset=\"https:\/\/i0.wp.com\/kolegiatakartuzy.pl\/wp-test\/wp-content\/uploads\/2022\/02\/Kolegiata_Inwentaryzacja-185.jpg?resize=1024%2C683&amp;ssl=1 1024w, https:\/\/i0.wp.com\/kolegiatakartuzy.pl\/wp-test\/wp-content\/uploads\/2022\/02\/Kolegiata_Inwentaryzacja-185.jpg?resize=300%2C200&amp;ssl=1 300w, https:\/\/i0.wp.com\/kolegiatakartuzy.pl\/wp-test\/wp-content\/uploads\/2022\/02\/Kolegiata_Inwentaryzacja-185.jpg?resize=768%2C512&amp;ssl=1 768w, https:\/\/i0.wp.com\/kolegiatakartuzy.pl\/wp-test\/wp-content\/uploads\/2022\/02\/Kolegiata_Inwentaryzacja-185.jpg?resize=1536%2C1025&amp;ssl=1 1536w, https:\/\/i0.wp.com\/kolegiatakartuzy.pl\/wp-test\/wp-content\/uploads\/2022\/02\/Kolegiata_Inwentaryzacja-185.jpg?w=2048&amp;ssl=1 2048w\" sizes=\"auto, (max-width: 1000px) 100vw, 1000px\" \/><\/figure>\n\n\n\n<p class=\"has-text-align-justify\">Lokalny Ch\u00f3r CARTUSIA pod dyrekcj\u0105 p. Ma\u0142gorzaty Kuchtyk nagra\u0142a w naszej Kolegiacie wideoklip do przepi\u0119knego utworu \u201eAve Maria\u201d, autorstwa Arnolda von Brucka. Zapraszamy do obejrzenia. <\/p>\n\n\n\n<figure class=\"wp-block-video\"><video controls src=\"https:\/\/kolegiatakartuzy.pl\/wp-test\/wp-content\/uploads\/2022\/11\/AVE-MARIA-CARTUSIA.mp4\"><\/video><\/figure>\n","protected":false},"excerpt":{"rendered":"<p>KONCERTY Co roku w okresie letnim w Kolegiacie odbywaj\u0105 si\u0119 koncerty. Bez w\u0105tpienia mo\u017cliwo\u015b\u0107 wys\u0142uchania muzyki w tak unikalnym wn\u0119trzu [&hellip;]<\/p>\n","protected":false},"author":2,"featured_media":0,"parent":0,"menu_order":0,"comment_status":"closed","ping_status":"closed","template":"","meta":{"site-sidebar-layout":"no-sidebar","site-content-layout":"","ast-site-content-layout":"default","site-content-style":"default","site-sidebar-style":"default","ast-global-header-display":"","ast-banner-title-visibility":"","ast-main-header-display":"","ast-hfb-above-header-display":"","ast-hfb-below-header-display":"","ast-hfb-mobile-header-display":"","site-post-title":"disabled","ast-breadcrumbs-content":"","ast-featured-img":"","footer-sml-layout":"","theme-transparent-header-meta":"","adv-header-id-meta":"","stick-header-meta":"","header-above-stick-meta":"","header-main-stick-meta":"","header-below-stick-meta":"","astra-migrate-meta-layouts":"set","ast-page-background-enabled":"default","ast-page-background-meta":{"desktop":{"background-color":"var(--ast-global-color-4)","background-image":"","background-repeat":"repeat","background-position":"center center","background-size":"auto","background-attachment":"scroll","background-type":"","background-media":"","overlay-type":"","overlay-color":"","overlay-opacity":"","overlay-gradient":""},"tablet":{"background-color":"","background-image":"","background-repeat":"repeat","background-position":"center center","background-size":"auto","background-attachment":"scroll","background-type":"","background-media":"","overlay-type":"","overlay-color":"","overlay-opacity":"","overlay-gradient":""},"mobile":{"background-color":"","background-image":"","background-repeat":"repeat","background-position":"center center","background-size":"auto","background-attachment":"scroll","background-type":"","background-media":"","overlay-type":"","overlay-color":"","overlay-opacity":"","overlay-gradient":""}},"ast-content-background-meta":{"desktop":{"background-color":"var(--ast-global-color-5)","background-image":"","background-repeat":"repeat","background-position":"center center","background-size":"auto","background-attachment":"scroll","background-type":"","background-media":"","overlay-type":"","overlay-color":"","overlay-opacity":"","overlay-gradient":""},"tablet":{"background-color":"var(--ast-global-color-5)","background-image":"","background-repeat":"repeat","background-position":"center center","background-size":"auto","background-attachment":"scroll","background-type":"","background-media":"","overlay-type":"","overlay-color":"","overlay-opacity":"","overlay-gradient":""},"mobile":{"background-color":"var(--ast-global-color-5)","background-image":"","background-repeat":"repeat","background-position":"center center","background-size":"auto","background-attachment":"scroll","background-type":"","background-media":"","overlay-type":"","overlay-color":"","overlay-opacity":"","overlay-gradient":""}},"advanced_seo_description":"","jetpack_seo_html_title":"","jetpack_seo_noindex":false,"footnotes":""},"class_list":["post-20","page","type-page","status-publish","hentry"],"jetpack-related-posts":[],"jetpack_sharing_enabled":true,"_links":{"self":[{"href":"https:\/\/kolegiatakartuzy.pl\/wp-test\/index.php?rest_route=\/wp\/v2\/pages\/20","targetHints":{"allow":["GET"]}}],"collection":[{"href":"https:\/\/kolegiatakartuzy.pl\/wp-test\/index.php?rest_route=\/wp\/v2\/pages"}],"about":[{"href":"https:\/\/kolegiatakartuzy.pl\/wp-test\/index.php?rest_route=\/wp\/v2\/types\/page"}],"author":[{"embeddable":true,"href":"https:\/\/kolegiatakartuzy.pl\/wp-test\/index.php?rest_route=\/wp\/v2\/users\/2"}],"replies":[{"embeddable":true,"href":"https:\/\/kolegiatakartuzy.pl\/wp-test\/index.php?rest_route=%2Fwp%2Fv2%2Fcomments&post=20"}],"version-history":[{"count":13,"href":"https:\/\/kolegiatakartuzy.pl\/wp-test\/index.php?rest_route=\/wp\/v2\/pages\/20\/revisions"}],"predecessor-version":[{"id":1357,"href":"https:\/\/kolegiatakartuzy.pl\/wp-test\/index.php?rest_route=\/wp\/v2\/pages\/20\/revisions\/1357"}],"wp:attachment":[{"href":"https:\/\/kolegiatakartuzy.pl\/wp-test\/index.php?rest_route=%2Fwp%2Fv2%2Fmedia&parent=20"}],"curies":[{"name":"wp","href":"https:\/\/api.w.org\/{rel}","templated":true}]}}