{"id":22,"date":"2022-02-21T12:36:39","date_gmt":"2022-02-21T11:36:39","guid":{"rendered":"http:\/\/kolegiatakartuzy.pl\/wp-test\/?page_id=22"},"modified":"2022-02-21T22:53:01","modified_gmt":"2022-02-21T21:53:01","slug":"regulamin-cmentarza","status":"publish","type":"page","link":"https:\/\/kolegiatakartuzy.pl\/wp-test\/?page_id=22","title":{"rendered":"Regulamin Cmentarza"},"content":{"rendered":"\n<h2 class=\"wp-block-heading\"><\/h2>\n\n\n\n<h3 class=\"has-text-align-center wp-block-heading\" id=\"regulamin-cmentarza-wyznaniowegoparafii-pw-wniebowziecia-n-m-p-w-kartuzach\"><strong>Regulamin Cmentarza Wyznaniowego<\/strong><br><strong>Parafii pw. Wniebowzi\u0119cia N.M.P. w Kartuzach<\/strong><\/h3>\n\n\n\n<p class=\"has-ast-global-color-8-color has-text-color\" style=\"font-style:normal;font-weight:400\">Grobowce, groby, mogi\u0142y, gdzie spoczywaj\u0105 cia\u0142a zmar\u0142ych uznawane s\u0105 za miejsca \u015bwi\u0119te. Zgodnie z prawem kanonicznym za miejsca \u015bwi\u0119te uwa\u017ca si\u0119 te, kt\u00f3re przez po\u015bwi\u0119cenie lub b\u0142ogos\u0142awie\u0144stwo, dokonane wed\u0142ug przepis\u00f3w ksi\u0105g liturgicznych, przeznacza si\u0119 do kultu Bo\u017cego lub na grzebanie wiernych (por. kan. 1205 KPK). Cmentarz wi\u0119c pozostaje miejscem ciszy, modlitwy i zadumy. W zwi\u0105zku z powy\u017cszym na cmentarzu nale\u017cy zachowa\u0107 spok\u00f3j i uszanowa\u0107 jego \u015bwi\u0119to\u015b\u0107<\/p>\n\n\n\n<p class=\"has-text-align-center has-ast-global-color-8-color has-text-color\"><strong>Rozdzia\u0142 I<\/strong><br><strong>Postanowienia og\u00f3lne<\/strong><\/p>\n\n\n\n<p class=\"has-ast-global-color-8-color has-text-color\"><strong>\u00a7 1<\/strong><br>1. Cmentarz parafialny w Kartuzach przy Kolegiacie tzw. Cm. \u201eDolny\u201d i Cm. &#8222;G\u00f3rny&#8221;, jest cmentarzem wyznaniowym i stanowi w\u0142asno\u015b\u0107 Parafii Rzymskokatolickiej pw. Wniebowzi\u0119cia N.M.P.( 83-300 Kartuzy, ul. Klasztorna 3), w imieniu kt\u00f3rej dzia\u0142a proboszcz.<br>2. Zarz\u0105dc\u0105 cmentarza jest Henryk Pioch Us\u0142ugi Pogrzebowe (83-300 Kartuzy, Pl. \u015bw. Brunona 4).<br>3. W kancelarii parafialnej znajduj\u0105cej si\u0119 pod adresem ul. Klasztorna 3 w Kartuzach nale\u017cy za\u0142atwia\u0107 wszelkie sprawy administracyjne.<br>4. Cmentarz jest otwarty w godzinach: latem (od 1 IV do 30 IX) od godz.7.00 do godz.21.00, zim\u0105 (od 01.X do 31.III) od godz. 8.00 do godz. 17.00.<br>5. Osoby przebywaj\u0105ce na cmentarzu zobowi\u0105zane s\u0105 do zachowania ciszy, powagi i szacunku nale\u017cnego zmar\u0142ym oraz dbania o porz\u0105dek i czysto\u015b\u0107 na odwiedzanych grobach i w ich otoczeniu. Dzieci powinny przebywa\u0107 na cmentarzach pod opiek\u0105 doros\u0142ych.<br>6. Postanowienia niniejszego regulaminu s\u0105 zgodne z przepisami prawa kanonicznego oraz przepisami powszechnie obowi\u0105zuj\u0105cego prawa.<br>7. Do zada\u0144 administracyjnych nale\u017cy w szczeg\u00f3lno\u015bci:<br>a) przyjmowanie zw\u0142ok do pochowania i przydzielenie miejsca do urz\u0105dzenia grobu;<br>b) obs\u0142uga pogrzeb\u00f3w oraz piecza nad godnym i spokojnym przebiegiem uroczysto\u015bci pogrzebowych;<br>c) przyjmowanie op\u0142at cmentarnych za u\u017cytkowanie miejsc grzebalnych oraz innych op\u0142at zwi\u0105zanych z funkcjonowaniem cmentarza;<br>d) prowadzenie dokumentacji cmentarza wynikaj\u0105cej z obowi\u0105zuj\u0105cych w tym zakresie przepis\u00f3w prawa;<br>e) utrzymywanie w porz\u0105dku oraz w\u0142a\u015bciwym stanie technicznym dr\u00f3g dojazdowych oraz wewn\u0119trznych na terenie cmentarza, dost\u0119pu do p\u00f3l grzebalnych, urz\u0105dze\u0144 sanitarnych oraz wodnokanalizacyjnych, a nadto zbieranie i wyw\u00f3z nieczysto\u015bci i \u015bmieci;<\/p>\n\n\n\n<p class=\"has-text-align-center has-ast-global-color-8-color has-text-color\"><strong>Rozdzia\u0142 II<\/strong><br><strong>Postanowienia porz\u0105dkowe<\/strong><\/p>\n\n\n\n<p class=\"has-ast-global-color-8-color has-text-color\"><strong>\u00a7 2<\/strong><br>1. Na terenie cmentarza bezwzgl\u0119dnie zakazuje si\u0119:<br>\u2212 deptania po grobach,<br>\u2212 zak\u0142\u00f3cania ciszy, porz\u0105dku i powagi miejsca,<br>\u2212 picia alkoholu i przebywania w stanie nietrze\u017awym,<br>\u2212 palenia papieros\u00f3w,<br>\u2212 wprowadzania zwierz\u0105t,<br>\u2212 poruszania si\u0119 pojazdami mechanicznymi bez zgody zarz\u0105dzaj\u0105cego cmentarzem lub osoby upowa\u017cnionej,<br>\u2212 jazdy pojazdami jedno\u015bladowymi (rowery) oraz innym sprz\u0119tem sportowo-rekreacyjnym,<br>\u2212 przebywania na terenie cmentarza poza godzinami otwarcia,<br>\u2212 niszczenia zieleni i pojemnik\u00f3w na \u015bmieci,<br>\u2212 wypalania \u015bmieci lub ich wyrzucania poza miejscami do tego przeznaczonymi,<br>\u2212 zanieczyszczania cmentarza,<br>\u2212 zabudowy grobu wykraczaj\u0105cej poza powierzchni\u0119 miejsca grzebalnego,<br>\u2212 samowolnego wykonywania prac budowlanych,<br>\u2212 prowadzenia handlu, akwizycji, ustawiania reklam oraz wykonywania innych czynno\u015bci naruszaj\u0105cych powag\u0119 miejsca.<br>2. Na terenie cmentarza zakazuje si\u0119 bez uzyskania zezwolenia Zarz\u0105dcy:<br>\u2212 chowania zw\u0142ok, ekshumacji, b\u0105d\u017a przeniesienia zw\u0142ok do innego miejsca,<br>\u2212 wykonywania prac kamieniarskich, budowlanych i prowadzenia dzia\u0142alno\u015bci handlowej,<br>\u2212 ustawiania, przestawiania i wynoszenia z cmentarza jego urz\u0105dze\u0144,<br>\u2212 ustawiania \u0142awek, p\u0142ot\u00f3w, itp. utrudniaj\u0105cych komunikacj\u0119 i poruszanie si\u0119 na terenie cmentarza oraz doj\u015bcie do poszczeg\u00f3lnych grob\u00f3w,<br>\u2212 wjazdu pojazdami mechanicznymi,<br>\u2212 sadzenia oraz usuwania drzew i krzew\u00f3w,<br>\u2212 gromadzenia \u015bmieci i odpad\u00f3w na miejscach do tego nie przeznaczonych.<br>3. Wykonawcy us\u0142ug pogrzebowych, kamieniarskich, budowlanych na terenie cmentarzy zobowi\u0105zani s\u0105 do zachowania czci wobec os\u00f3b zmar\u0142ych oraz powagi miejsca kultu religijnego, w szczeg\u00f3lno\u015bci swoimi dzia\u0142aniami nie mog\u0105 zak\u0142\u00f3ca\u0107 przebiegu uroczysto\u015bci pogrzebowych.<\/p>\n\n\n\n<p class=\"has-ast-global-color-8-color has-text-color\"><strong>\u00a7 3<\/strong><br>1. Wykonywanie wszelkich prac na cmentarzu mo\u017ce by\u0107 dopuszczone wy\u0142\u0105cznie za zgod\u0105 Zarz\u0105dcy cmentarza, po uzyskaniu zezwole\u0144 stosownych instytucji, je\u015bli takie zezwolenia s\u0105 wymagane odr\u0119bnymi przepisami.<br>2. Dysponenci prawa do grobu oraz miejsc obj\u0119tych rezerwacj\u0105 na miejsca grzebalne, winni dba\u0107 o nale\u017cyty wygl\u0105d tych miejsc wraz z otoczeniem, utrzymaniem czysto\u015bci, \u0142ad i porz\u0105dek, a tak\u017ce dba\u0107 o stan techniczny nagrobka.<br>3. Za jakiekolwiek szkody wynik\u0142e z niesolidnego, nienale\u017cytego wykonania rob\u00f3t, czy nie zapobie\u017cenia szkodzie powsta\u0142ej na skutek z\u0142ego stanu technicznego pomnika oraz obr\u0119bu o szeroko\u015bci 20 cm wok\u00f3\u0142 pomnika odpowiedzialny jest dysponent prawa do grobu.<br>4. Dysponenci miejsc grzebalnych oraz osoby przebywaj\u0105ce na terenie cmentarza obowi\u0105zane s\u0105 stosowa\u0107 si\u0119 do zalece\u0144 i informacji zarz\u0105dcy cmentarza umieszczanych na tablicach informacyjnych na terenie cmentarza.<\/p>\n\n\n\n<p class=\"has-ast-global-color-8-color has-text-color\"><strong>\u00a7 4<\/strong><br>1. Wycinanie i piel\u0119gnacja drzew i krzew\u00f3w przeprowadzana jest przez Zarz\u0105d cmentarza po uzyskaniu zgody w\u0142a\u015bciwego organu.<br>2. Wycinanie drzew odbywa si\u0119 na koszt osoby sk\u0142adaj\u0105cej podanie o wycink\u0119.<\/p>\n\n\n\n<p class=\"has-text-align-center has-ast-global-color-8-color has-text-color\"><strong>Rozdzia\u0142 III<\/strong><br><strong>Prowadzenie dokumentacji cmentarza<\/strong><\/p>\n\n\n\n<p class=\"has-ast-global-color-8-color has-text-color\"><strong>\u00a7 5<\/strong><br>1. Zg\u0142aszanie wszelkich spraw dotycz\u0105cych grob\u00f3w i cmentarza odbywa si\u0119 wy\u0142\u0105cznie w Kancelarii cmentarza.<br>2. Kancelaria prowadzi, przechowuje i uaktualnia dokumentacj\u0119 grob\u00f3w:<br>a) kartoteki grob\u00f3w (w porz\u0105dku: kwatera, rz\u0105d, numer),<br>b) dokumentacj\u0119 zwi\u0105zan\u0105 z prawem do dysponowania grobem,<br>c) archiwariusze (wewn\u0119trzn\u0105 dokumentacj\u0119 czynno\u015bci zlecanych przy grobie), d) karty zgonu,<br>e) ksi\u0119g\u0119 cmentarn\u0105 (zmar\u0142ych).<br>3. Informacje dotycz\u0105ce w\u0142a\u015bcicieli grob\u00f3w i os\u00f3b pochowanych w danym grobie przekazywane s\u0105 tylko najbli\u017cszej rodzinie.<br>4. Prace wykonane przy grobie, kt\u00f3rych nie zg\u0142oszono w Kancelarii cmentarza i kt\u00f3re nie zosta\u0142y op\u0142acone, nie zmieniaj\u0105 okre\u015blonej w dokumentacji kwalifikacji grobu.<br>5. Zasady przetwarzania danych osobowych okre\u015blone zosta\u0142y w klauzuli informacyjnej Cmentarza.<\/p>\n\n\n\n<p class=\"has-text-align-center has-ast-global-color-8-color has-text-color\"><strong>Rozdzia\u0142 IV<\/strong><br><strong>Zasady dysponowania i zarz\u0105dzania grobem.<\/strong><\/p>\n\n\n\n<p class=\"has-ast-global-color-8-color has-text-color\"><strong>\u00a7 6<\/strong><br>1. Ka\u017cdy gr\u00f3b powinien mie\u0107 dysponenta. Dysponentem grobu jest osoba, kt\u00f3ra op\u0142aci\u0142a miejsce grzebalne i jest uprawniona do podejmowania decyzji w sprawie grobu w imieniu os\u00f3b posiadaj\u0105cych prawo do grobu. Dysponent grobu w momencie dysponowania grobem o\u015bwiadcza w formie pisemnej, \u017ce nie ma innych os\u00f3b, kt\u00f3re mog\u0105 ro\u015bci\u0107 prawa do grobu.<br>2. Dokumentem potwierdzaj\u0105cym prawo do dysponowania grobem jest imienne pokwitowanie uiszczenia stosownych op\u0142at za gr\u00f3b wystawione dysponentowi przez Zarz\u0105dc\u0119 cmentarza.<br>3. W przypadku \u015bmierci dysponenta groby, jak r\u00f3wnie\u017c w sytuacji, gdy nie zosta\u0142 on w nim pochowany, prawo do dysponowania grobem przechodzi na osob\u0119, kt\u00f3ra dokona\u0142a jego poch\u00f3wku, chyba, \u017ce istnieje inna osoba wskazana prawomocnym orzeczeniem s\u0105dowym jako uprawniona do dysponowania grobem.<br>4. Dysponent grobu ma prawo zrzec si\u0119, w formie pisemnej w Kancelarii cmentarza, prawa do miejsca grzebalnego na rzecz najbli\u017cszych cz\u0142onk\u00f3w rodziny osoby zmar\u0142ej, pochowanej w danym grobie.<\/p>\n\n\n\n<p class=\"has-ast-global-color-8-color has-text-color\"><strong>\u00a7 7<\/strong><br>1. Prawo do wolnych miejsc w grobie przeznaczonym do pochowania wi\u0119cej ni\u017c jednej osoby maj\u0105 cz\u0142onkowie rodziny zmar\u0142ego pochowanego w tym grobie, wed\u0142ug kolejno\u015bci:<br>\u2212 pozosta\u0142y ma\u0142\u017conek\/ pozosta\u0142a ma\u0142\u017conka;<br>\u2212 krewni zst\u0119pni: dzieci, wnuki, prawnuki;<br>\u2212 krewni wst\u0119pni: rodzice, rodze\u0144stwo (je\u017celi w\u0142a\u015bciciel zmar\u0142 jako kawaler\/panna).<br>2. Posiadanie prawa do wolnych miejsc w grobie nie upowa\u017cnia do odst\u0119powania miejsca osobom innym ni\u017c wymienione powy\u017cej.<br>3. Prawo do grobu nie podlega przekazaniu na rzecz os\u00f3b trzecich z pomini\u0119ciem kolejno\u015bci wymienionej w ust. 1.<br>4. Do prawa do grobu nie stosuje si\u0119 powszechnie obowi\u0105zuj\u0105cych przepis\u00f3w prawa spadkowego.<br>5. Z chwil\u0105 pochowania w grobie w\u0142a\u015bciciela grobu, do zarz\u0105dzania pozosta\u0142ymi miejscami w tym grobie, upowa\u017cnieni s\u0105 wsp\u00f3lnie wszyscy pozostali spadkobiercy.<br>6. Wniesienie 20-letniej op\u0142aty za gr\u00f3b przez osob\u0119 nie wymienion\u0105 w ust. 1 nie uprawnia do pochowania w grobie zw\u0142ok tej osoby lub innej przez t\u0119 osob\u0119 wskazanej.<\/p>\n\n\n\n<p class=\"has-ast-global-color-8-color has-text-color\"><strong>\u00a7 8<\/strong><br>1. Gr\u00f3b nie mo\u017ce by\u0107 u\u017cyty do ponownego chowania przed up\u0142ywem 20 lat. Ponowne u\u017cycie grobu po up\u0142ywie tego okresu nie mo\u017ce nast\u0105pi\u0107, je\u017celi uprawniona osoba zg\u0142osi zastrze\u017cenie przeciwko temu i ui\u015bci op\u0142at\u0119.<br>2. Up\u0142yw okresu 20 lat nie powoduje automatycznie wyga\u015bni\u0119cia dotychczasowego prawa do grobu, jednak\u017ce z t\u0105 chwil\u0119 gr\u00f3b mo\u017ce by\u0107 przeznaczony do ponownego poch\u00f3wku \u2013 Zarz\u0105dca cmentarza mo\u017ce przekaza\u0107 to miejsce innej osobie celem pochowania innego zmar\u0142ego. Osobie, kt\u00f3ra pomimo up\u0142ywu terminu nie zg\u0142osi\u0142a zastrze\u017cenia i nie ui\u015bci\u0142a op\u0142aty, nie przys\u0142uguje roszczenie o przywr\u00f3cenie posiadania miejsca oddanego przez Zarz\u0105dc\u0119 cmentarza innej osobie z przeznaczeniem jej na gr\u00f3b, chocia\u017cby nadal odwiedza\u0142a gr\u00f3b i utrzymywa\u0142a go w nale\u017cytym stanie.<br>3. Dotychczasowe prawo do grobu wygasa od momentu i na skutek zaistnienia prawa innej osoby do pochowania zw\u0142ok w danym grobie. Jednak\u017ce dop\u00f3ki Zarz\u0105dca cmentarza nie rozporz\u0105dzi\u0142 miejscem i inna osoba nie naby\u0142a prawa do grobu, mo\u017cna skutecznie zg\u0142osi\u0107 zastrze\u017cenia i ui\u015bci\u0107 op\u0142at\u0119 przed\u0142u\u017caj\u0105c prawo do grobu na okres kolejnych 20 lat.<\/p>\n\n\n\n<p class=\"has-text-align-center has-ast-global-color-8-color has-text-color\"><strong>Rozdzia\u0142 V<\/strong><br><strong>Op\u0142aty za gr\u00f3b<\/strong><\/p>\n\n\n\n<p class=\"has-ast-global-color-8-color has-text-color\"><strong>\u00a7 9<\/strong><br>1. Na cmentarzu stosuje si\u0119 op\u0142aty:<br>a) za miejsca grzebalne,<br>b) za korzystanie z terenu cmentarza dla wykonywania us\u0142ug pogrzebowych i cmentarnych,<br>c) za wydanie pozwolenia na wykonywanie prac remontowo-budowlanych,<br>d) za dokonanie wpisu o zmianie w\u0142a\u015bciciela grobu,<br>e) za przed\u0142u\u017cenie wa\u017cno\u015bci prawa do grobu na kolejne 20 lat.<br>2. Wszystkie op\u0142aty wymienione w ust. 1 wynikaj\u0105 z koszt\u00f3w funkcjonowania i utrzymania cmentarza oraz plan\u00f3w inwestycyjnych.<br>3. Pracownik Kancelarii cmentarza przyjmuj\u0105c op\u0142at\u0119, potwierdza fakt jej przyj\u0119cia ka\u017cdorazowo wydaj\u0105c odpowiedni dokument.<br>4. wysoko\u015b\u0107 op\u0142at, o kt\u00f3rych mowa w ust. 1 okre\u015blona jest w za\u0142\u0105czniku do niniejszego regulaminu. Zmiana wysoko\u015bci op\u0142at nie powoduje zmiany niniejszego regulaminu.<\/p>\n\n\n\n<p class=\"has-text-align-center has-ast-global-color-8-color has-text-color\"><strong>Rozdzia\u0142 VI<\/strong><br><strong>Organizacja uroczysto\u015bci pogrzebowych<\/strong><\/p>\n\n\n\n<p class=\"has-ast-global-color-8-color has-text-color\"><strong>\u00a7 10<\/strong><br>1. Prawo do poch\u00f3wku zw\u0142ok ludzkich ma najbli\u017csza pozosta\u0142a rodzina osoby zmar\u0142ej, a mianowicie:<br>a) pozosta\u0142y ma\u0142\u017conek\/ pozosta\u0142a ma\u0142\u017conka,<br>b) krewni zst\u0119pni (dzieci, wnuki, prawnuki),<br>c) krewni wst\u0119pni (rodzice, dziadkowie),<br>d) krewni boczni do 4 stopnia,<br>e) powinowaci w linii prostej do 1 stopnia.<br>2. Prawo pochowania zw\u0142ok przys\u0142uguje r\u00f3wnie\u017c osobom, kt\u00f3re do tego dobrowolnie si\u0119 zobowi\u0105\u017c\u0105.<br><strong>\u00a7 11<\/strong><br>1. Przyj\u0119cie zmar\u0142ego do pogrzebu odbywa si\u0119 na wniosek osoby uprawnionej do pochowania.<br>2. Osoba uprawniona do pochowania zobowi\u0105zana jest do :<br>\u2212 udokumentowaniu prawa do grobu,<br>\u2212 z\u0142o\u017ceniu w Kancelarii cmentarza orygina\u0142u aktu zgonu,<br>\u2212 z\u0142o\u017ceniu w Kancelarii cmentarza orygina\u0142u protoko\u0142u spopielenia,<br>\u2212 z\u0142o\u017ceniu w Kancelarii cmentarza karty zgonu zarejestrowanej w Urz\u0119dzie Stanu Cywilnego,<br>\u2212 z\u0142o\u017ceniu o\u015bwiadczenia, \u017ce zmar\u0142y by\u0142 osob\u0105 wierz\u0105c\u0105 lub wskazanie parafii, kt\u00f3ra ma obs\u0142ugiwa\u0107 liturgi\u0119 pogrzebu,<br>\u2212 wniesieniu op\u0142at przewidzianych cennikiem.<br>&#8211; zezwolenie uprawnionego organu do pochowania zw\u0142ok w przypadku podejrzenia, \u017ce przyczyn\u0105 zgonu by\u0142o przest\u0119pstwo.<br>3. Pracownik Kancelarii cmentarza jest upowa\u017cniony \u017c\u0105da\u0107 od osoby zainteresowanej, udokumentowania skr\u00f3conym odpisem aktu stanu cywilnego, dowodem osobistym lub innym wiarygodnym dokumentem stopnia pokrewie\u0144stwa lub powinowactwa w zakresie niezb\u0119dnym do ustalenie uprawnie\u0144 do pochowania zw\u0142ok, a tak\u017ce \u017c\u0105da\u0107 stosownego o\u015bwiadczenia z\u0142o\u017conego w jego obecno\u015bci lub potwierdzonego przez notariusza.<\/p>\n\n\n\n<p class=\"has-text-align-center has-ast-global-color-8-color has-text-color\"><strong>Rozdzia\u0142 VII<\/strong><br><strong>Postanowienia ko\u0144cowe<\/strong><\/p>\n\n\n\n<p class=\"has-ast-global-color-8-color has-text-color\"><strong>\u00a7 12<\/strong><br>1. Zarz\u0105dca cmentarza nie odpowiada za szkody na grobach powsta\u0142e na skutek kl\u0119sk \u017cywio\u0142owych, kradzie\u017cy i akt\u00f3w wandalizmu oraz za rzeczy pozostawione bez nadzoru.<br>2. W przypadku naruszenia niniejszego regulaminu, Zarz\u0105dca cmentarza ma prawo wyst\u0119powania do odpowiednich organ\u00f3w o na\u0142o\u017cenie stosownych sankcji prawnych i administracyjnych.<br>3.W sprawach, kt\u00f3rych nie reguluje niniejszy regulamin, zastosowanie maj\u0105 obowi\u0105zuj\u0105ce przepisy prawa w tym zakresie, w szczeg\u00f3lno\u015bci ustawa z dnia 31 stycznia 1959 r. o cmentarzach i chowaniu zmar\u0142ych i Kodeks cywilny.<br>4. Regulamin publikuje si\u0119 na tablicy cmentarnej, stronie internetowej Parafii oraz zarz\u0105dcy cmentarza Henryk Pioch Us\u0142ugi Pogrzebowe, jest r\u00f3wnie\u017c do wgl\u0105du dla os\u00f3b zainteresowanych w Kancelarii Parafii jak i w siedzibie Zarz\u0105dcy<br>4. Regulamin wchodzi w \u017cycie z dniem 1 czerwca 2020.<\/p>\n\n\n\n<p class=\"has-ast-global-color-8-color has-text-color\"><strong>Cmentarz jest dobrem wsp\u00f3lnym. To \u015bwi\u0119te miejsce spoczynku wielu pokole\u0144 zmar\u0142ych. Przestrzeganie regulaminu jest obowi\u0105zkiem wszystkich.<\/strong><\/p>\n","protected":false},"excerpt":{"rendered":"<p>Regulamin Cmentarza WyznaniowegoParafii pw. Wniebowzi\u0119cia N.M.P. w Kartuzach Grobowce, groby, mogi\u0142y, gdzie spoczywaj\u0105 cia\u0142a zmar\u0142ych uznawane s\u0105 za miejsca \u015bwi\u0119te. [&hellip;]<\/p>\n","protected":false},"author":1,"featured_media":0,"parent":0,"menu_order":0,"comment_status":"closed","ping_status":"closed","template":"","meta":{"site-sidebar-layout":"default","site-content-layout":"","ast-site-content-layout":"","site-content-style":"default","site-sidebar-style":"default","ast-global-header-display":"","ast-banner-title-visibility":"","ast-main-header-display":"","ast-hfb-above-header-display":"","ast-hfb-below-header-display":"","ast-hfb-mobile-header-display":"","site-post-title":"disabled","ast-breadcrumbs-content":"","ast-featured-img":"","footer-sml-layout":"","theme-transparent-header-meta":"","adv-header-id-meta":"","stick-header-meta":"","header-above-stick-meta":"","header-main-stick-meta":"","header-below-stick-meta":"","astra-migrate-meta-layouts":"default","ast-page-background-enabled":"default","ast-page-background-meta":{"desktop":{"background-color":"var(--ast-global-color-4)","background-image":"","background-repeat":"repeat","background-position":"center center","background-size":"auto","background-attachment":"scroll","background-type":"","background-media":"","overlay-type":"","overlay-color":"","overlay-opacity":"","overlay-gradient":""},"tablet":{"background-color":"","background-image":"","background-repeat":"repeat","background-position":"center center","background-size":"auto","background-attachment":"scroll","background-type":"","background-media":"","overlay-type":"","overlay-color":"","overlay-opacity":"","overlay-gradient":""},"mobile":{"background-color":"","background-image":"","background-repeat":"repeat","background-position":"center center","background-size":"auto","background-attachment":"scroll","background-type":"","background-media":"","overlay-type":"","overlay-color":"","overlay-opacity":"","overlay-gradient":""}},"ast-content-background-meta":{"desktop":{"background-color":"var(--ast-global-color-5)","background-image":"","background-repeat":"repeat","background-position":"center center","background-size":"auto","background-attachment":"scroll","background-type":"","background-media":"","overlay-type":"","overlay-color":"","overlay-opacity":"","overlay-gradient":""},"tablet":{"background-color":"var(--ast-global-color-5)","background-image":"","background-repeat":"repeat","background-position":"center center","background-size":"auto","background-attachment":"scroll","background-type":"","background-media":"","overlay-type":"","overlay-color":"","overlay-opacity":"","overlay-gradient":""},"mobile":{"background-color":"var(--ast-global-color-5)","background-image":"","background-repeat":"repeat","background-position":"center center","background-size":"auto","background-attachment":"scroll","background-type":"","background-media":"","overlay-type":"","overlay-color":"","overlay-opacity":"","overlay-gradient":""}},"advanced_seo_description":"","jetpack_seo_html_title":"","jetpack_seo_noindex":false,"footnotes":""},"class_list":["post-22","page","type-page","status-publish","hentry"],"jetpack-related-posts":[],"jetpack_sharing_enabled":true,"_links":{"self":[{"href":"https:\/\/kolegiatakartuzy.pl\/wp-test\/index.php?rest_route=\/wp\/v2\/pages\/22","targetHints":{"allow":["GET"]}}],"collection":[{"href":"https:\/\/kolegiatakartuzy.pl\/wp-test\/index.php?rest_route=\/wp\/v2\/pages"}],"about":[{"href":"https:\/\/kolegiatakartuzy.pl\/wp-test\/index.php?rest_route=\/wp\/v2\/types\/page"}],"author":[{"embeddable":true,"href":"https:\/\/kolegiatakartuzy.pl\/wp-test\/index.php?rest_route=\/wp\/v2\/users\/1"}],"replies":[{"embeddable":true,"href":"https:\/\/kolegiatakartuzy.pl\/wp-test\/index.php?rest_route=%2Fwp%2Fv2%2Fcomments&post=22"}],"version-history":[{"count":5,"href":"https:\/\/kolegiatakartuzy.pl\/wp-test\/index.php?rest_route=\/wp\/v2\/pages\/22\/revisions"}],"predecessor-version":[{"id":261,"href":"https:\/\/kolegiatakartuzy.pl\/wp-test\/index.php?rest_route=\/wp\/v2\/pages\/22\/revisions\/261"}],"wp:attachment":[{"href":"https:\/\/kolegiatakartuzy.pl\/wp-test\/index.php?rest_route=%2Fwp%2Fv2%2Fmedia&parent=22"}],"curies":[{"name":"wp","href":"https:\/\/api.w.org\/{rel}","templated":true}]}}