{"id":24,"date":"2022-02-21T12:37:36","date_gmt":"2022-02-21T11:37:36","guid":{"rendered":"http:\/\/kolegiatakartuzy.pl\/wp-test\/?page_id=24"},"modified":"2022-07-30T17:22:11","modified_gmt":"2022-07-30T15:22:11","slug":"segregacja-odpadow-na-cmentarzu","status":"publish","type":"page","link":"https:\/\/kolegiatakartuzy.pl\/wp-test\/?page_id=24","title":{"rendered":"Segregacja odpad\u00f3w na cmentarzu"},"content":{"rendered":"\n<p><\/p>\n\n\n\n<h3 class=\"has-text-align-center wp-block-heading\"><strong>Pro\u015bba Pana Burmistrza o segregacj\u0119 \u015bmieci na cmentarzu<\/strong><\/h3>\n\n\n\n<p class=\"has-text-align-justify\">Ze wzgl\u0119du na obowi\u0105zuj\u0105ce przepisy krajowe oraz prawa miejscowego Burmistrz Kartuz ponownie przypomina o&nbsp;<strong>obowi\u0105zku segregacji odpad\u00f3w<\/strong>. Wszystkie wytworzone odpady komunalne zbiera si\u0119 w spos\u00f3b selektywny. Dotyczy to tak\u017ce cmentarzy, z t\u0105 r\u00f3\u017cnic\u0105, \u017ce na cmentarzach odpady wystarczy podzieli\u0107 na dwie frakcje: na odpady \u201eZMIESZANE\u201d i na \u201eBIOODPADY\u201d. Do \u201eBioodpad\u00f3w\u201d zalicza si\u0119 pozosta\u0142o\u015bci ro\u015blinne, niezanieczyszczone innymi materia\u0142ami, jak foli\u0105, metalami, szk\u0142em, itp., natomiast do odpad\u00f3w \u201eZmieszane\u201d tzw. Cmentarnych \u2013 ca\u0142\u0105 reszt\u0119. Ka\u017cdy wynosz\u0105cy odpady na cmentarzu ma obowi\u0105zek wyrzuci\u0107 je do odpowiednio oznaczonych pojemnik\u00f3w. Bardzo wa\u017cne, aby ze wszystkich odpad\u00f3w, odzyska\u0107, te, kt\u00f3re nadaj\u0105 si\u0119 do dalszego przetworzenia. Trzeba zacz\u0105\u0107 od wydzielenia z odpad\u00f3w frakcji bio, z kt\u00f3rej mo\u017ce powsta\u0107 kompost.<\/p>\n\n\n\n<p class=\"has-text-align-justify\">W interesie nas wszystkich jest, aby odpady by\u0142y dobrze segregowane i \u017ceby by\u0142o ich jak najmniej. Od lipca tego roku, na podstawie uchwa\u0142y Rady Miejskiej w Kartuzach z dnia 11 grudnia 2020 r. w sprawie odbierania odpad\u00f3w komunalnych od w\u0142a\u015bcicieli nieruchomo\u015bci na kt\u00f3rych nie zamieszkuj\u0105 mieszka\u0144cy, a powstaj\u0105 odpady komunalne, (Dz.Urz.Woj.Pom. z 2020 r., poz.5460), zarz\u0105dzaj\u0105cy cmentarzami b\u0119d\u0105 ponosi\u0107 op\u0142aty zwi\u0105zane z zagospodarowaniem odebranych przez Gmin\u0119 odpad\u00f3w. Wysoko\u015b\u0107 koszt\u00f3w jest uzale\u017cniona od ilo\u015bci wytworzonych odpad\u00f3w. Dlatego wa\u017cne jest, aby ograniczy\u0107 ilo\u015b\u0107 odpad\u00f3w i zapewni\u0107 im w\u0142a\u015bciwe zagospodarowanie. Niedope\u0142nienie obowi\u0105zku selektywnej zbi\u00f3rki odpad\u00f3w na cmentarzach, spowoduje, \u017ce na prowadz\u0105cych cmentarze mog\u0105 zosta\u0107 naliczone podwy\u017cszone op\u0142aty stanowi\u0105ce trzykrotno\u015b\u0107 stawki podstawowej. Aby tego unikn\u0105\u0107 wszyscy musimy sumiennie segregowa\u0107 odpady.<\/p>\n\n\n\n<p class=\"has-text-align-justify\">Prosi si\u0119 zatem, aby osoby odwiedzaj\u0105ce cmentarze zastosowa\u0142y si\u0119 do wymogu segregacji odpad\u00f3w, zgodnie z przedstawionymi wy\u017cej wskazaniami.&nbsp;&nbsp;&nbsp;&nbsp;<\/p>\n\n\n\n<h3 class=\"has-text-align-center wp-block-heading\" id=\"komunikat-w-sprawie-segregacji-smieci-na-cmentarzu\"><strong>Komunikat w sprawie segregacji \u015bmieci na cmentarzu.<\/strong><\/h3>\n\n\n\n<p class=\"has-text-align-justify\">Wobec obj\u0119cia gminnym systemem gospodarowania odpadami komunalnymi miejsc przeznaczonych pod cmentarze, na podstawie uchwa\u0142y Rady Miejskiej w Kartuzach z dnia 11 grudnia 2020 roku w sprawie odbierania odpad\u00f3w komunalnych od w\u0142a\u015bcicieli nieruchomo\u015bci, na kt\u00f3rych nie zamieszkuj\u0105 mieszka\u0144cy, a powstaj\u0105 odpady komunalne, na w\u0142a\u015bcicieli nieruchomo\u015bci przeznaczonych pod cmentarze na\u0142o\u017cono obowi\u0105zek przestrzegania przepis\u00f3w ustawy o utrzymaniu czysto\u015bci i porz\u0105dku w gminach, w tym obowi\u0105zek segregacji odpad\u00f3w. Zgodnie z rozporz\u0105dzeniem Ministra \u015arodowiska z dnia 29 grudnia 2016 roku w sprawie szczeg\u00f3\u0142owego sposobu selektywnego zbierania wybranych frakcji odpad\u00f3w, na terenach przeznaczonych do u\u017cytku publicznego wytworzone odpady komunalne zbiera si\u0119 w spos\u00f3b selektywny. Ten obowi\u0105zek dotyczy te\u017c cmentarzy.<br><br>Co do zasady, odpady wytwarzane na cmentarzach mo\u017cna posegregowa\u0107 na dwie frakcje odpad\u00f3w. Na odpady biodegradowalne \u201eBIOODPADY\u201d tj. \u017cywe kwiaty, li\u015bcie chwasty, trawa, odpady pochodz\u0105ce z piel\u0119gnacji drzewek czy krzew\u00f3w oraz odpady \u201eZMIESZANE\u201d \u2013 wypalone plastikowe znicze, szklane znicze zanieczyszczone parafin\u0105, wieczka i pokrywki od zniczy, sztuczne kwiaty, wie\u0144ce, wi\u0105zanki, zniszczone donice, wazony ceramiczne, kamienne, czy tez kompozytowe, itp. To gdzie wyrzucimy odpady ma du\u017ce znaczenie. \u017bywe kwiaty si\u0119 przekompostuj\u0105, ale wi\u0105zanka z szarfami ju\u017c nie. Prawid\u0142owa segregacja odpad\u00f3w to najwa\u017cniejszy etap recyklingu odpad\u00f3w.<br><br>Odpady komunalne stanowi\u0105ce cz\u0119\u015bci ro\u015blin pochodz\u0105ce z piel\u0119gnacji teren\u00f3w zielonych, ogrod\u00f3w, park\u00f3w i cmentarzy nale\u017c\u0105 do biodegradowalnych i nadaj\u0105 si\u0119 do kompostowania. Dla pozosta\u0142ych odpad\u00f3w nie ma zastosowania, trafiaj\u0105 one na sk\u0142adowiska odpad\u00f3w. A kompost mo\u017cna wykorzysta\u0107 dalej, np. do u\u017cy\u017anienia gruntu. Prowadzenie selektywnej zbi\u00f3rki odpad\u00f3w jest dzia\u0142aniem na rzecz ochrony \u015brodowiska, na rzecz ochrony Ziemi. Przyroda jest dzie\u0142em Pana Boga i jeste\u015bmy wszyscy za ni\u0105 odpowiedzialni. Pami\u0119tajmy o nauczaniu Ojca \u015awi\u0119tego Franciszka i jego encyklice LAUDATO SI.<br><br>Segregacja odpad\u00f3w jest obowi\u0105zkiem ka\u017cdego z nas. Serdecznie wi\u0119c prosimy wszystkich Parafian o selektywne zbieranie odpad\u00f3w i w domu i na cmentarzach. Ka\u017cdy odwiedzaj\u0105cy cmentarze mo\u017ce poprawnie segregowa\u0107 odpady. Mo\u017ce oddzieli\u0107 bioodpady od innych. Mo\u017ce przede wszystkim ograniczy\u0107 ilo\u015b\u0107 odpad\u00f3w wytworzonych na cmentarzach. Mo\u017ce korzysta\u0107 z wk\u0142ad\u00f3w i nie kupowa\u0107 nowych zniczy. Mo\u017ce kupowa\u0107 tylko te produkty, kt\u00f3re wystarcz\u0105 na d\u0142u\u017cej lub kt\u00f3re da si\u0119 ponownie u\u017cy\u0107. Nie ulegajmy reklamom, a kupujmy rozs\u0105dnie, stawiaj\u0105c na ekologi\u0119.<br><br>Wszyscy odczuwamy na co dzie\u0144, jak koszty zagospodarowania odpad\u00f3w z roku na rok rosn\u0105. Nie inaczej jest na cmentarzach. Pami\u0119tajmy, \u017ce najta\u0144szy odpad, to ten, kt\u00f3rego nie ma. Obecnie koszty zagospodarowania odpad\u00f3w pokrywa Gmina. Niedope\u0142nienie obowi\u0105zku segregacji odpad\u00f3w na cmentarzach, spowoduje, \u017ce na prowadz\u0105cych cmentarze mog\u0105 zosta\u0107 naliczone op\u0142aty, zgodnie z uchwa\u0142\u0105 Rady Miejskiej w Kartuzach z dnia 16 grudnia 2020 roku w sprawie wyboru metody ustalenia op\u0142aty za gospodarowanie odpadami komunalnymi oraz ustalenia wysoko\u015bci tej op\u0142aty i ustalenia stawki op\u0142aty za pojemnik, w wysoko\u015bci trzykrotnie wi\u0119kszej od stawki podstawowej, kt\u00f3ra dla przyk\u0142adu dla pojemnika o pojemno\u015bci 10 m3 \u2013 wynosi obecnie 529 z\u0142 za pojemnik.<br><br>Licz\u0105c na zrozumienie, prosz\u0119 osoby odwiedzaj\u0105ce cmentarze o pilne zastosowanie si\u0119 do wymogu segregacji odpad\u00f3w, zgodnie z nakre\u015blonymi wskazaniami, a zarz\u0105dzaj\u0105cych cmentarzami o umo\u017cliwienie prawid\u0142owej zbi\u00f3rki odpad\u00f3w, w tym wyposa\u017cenie w pojemniki do odpad\u00f3w bio i odpad\u00f3w zmieszanych (resztkowych). Przekazujemy wiedz\u0119 o segregacji odpad\u00f3w innym, by pom\u00f3c w unikaniu b\u0142\u0119d\u00f3w. Niech to b\u0119dzie nawykiem, a nie obowi\u0105zkiem.<br><br>Mam nadziej\u0119, \u017ce moja pro\u015bba zostanie wys\u0142uchana i wp\u0142ynie na zachowanie nas wszystkich, a przede wszystkim ograniczy ilo\u015b\u0107 powstaj\u0105cych odpad\u00f3w na cmentarzach i pozwoli odzyska\u0107 te, kt\u00f3re nadaj\u0105 si\u0119 do dalszego przetworzenia. A wszystko w trosce o \u015brodowisko i przysz\u0142e pokolenia.<br><br>Szcz\u0119\u015b\u0107 Bo\u017ce!<\/p>\n\n\n\n<p class=\"has-text-align-center\">Mieczys\u0142aw Grzegorz Go\u0142u\u0144ski<br><em>Burmistrz Kartuz<\/em><\/p>\n","protected":false},"excerpt":{"rendered":"<p>Pro\u015bba Pana Burmistrza o segregacj\u0119 \u015bmieci na cmentarzu Ze wzgl\u0119du na obowi\u0105zuj\u0105ce przepisy krajowe oraz prawa miejscowego Burmistrz Kartuz ponownie [&hellip;]<\/p>\n","protected":false},"author":1,"featured_media":0,"parent":0,"menu_order":0,"comment_status":"closed","ping_status":"closed","template":"","meta":{"site-sidebar-layout":"default","site-content-layout":"","ast-site-content-layout":"","site-content-style":"default","site-sidebar-style":"default","ast-global-header-display":"","ast-banner-title-visibility":"","ast-main-header-display":"","ast-hfb-above-header-display":"","ast-hfb-below-header-display":"","ast-hfb-mobile-header-display":"","site-post-title":"disabled","ast-breadcrumbs-content":"","ast-featured-img":"","footer-sml-layout":"","theme-transparent-header-meta":"","adv-header-id-meta":"","stick-header-meta":"","header-above-stick-meta":"","header-main-stick-meta":"","header-below-stick-meta":"","astra-migrate-meta-layouts":"default","ast-page-background-enabled":"default","ast-page-background-meta":{"desktop":{"background-color":"var(--ast-global-color-4)","background-image":"","background-repeat":"repeat","background-position":"center center","background-size":"auto","background-attachment":"scroll","background-type":"","background-media":"","overlay-type":"","overlay-color":"","overlay-opacity":"","overlay-gradient":""},"tablet":{"background-color":"","background-image":"","background-repeat":"repeat","background-position":"center center","background-size":"auto","background-attachment":"scroll","background-type":"","background-media":"","overlay-type":"","overlay-color":"","overlay-opacity":"","overlay-gradient":""},"mobile":{"background-color":"","background-image":"","background-repeat":"repeat","background-position":"center center","background-size":"auto","background-attachment":"scroll","background-type":"","background-media":"","overlay-type":"","overlay-color":"","overlay-opacity":"","overlay-gradient":""}},"ast-content-background-meta":{"desktop":{"background-color":"var(--ast-global-color-5)","background-image":"","background-repeat":"repeat","background-position":"center center","background-size":"auto","background-attachment":"scroll","background-type":"","background-media":"","overlay-type":"","overlay-color":"","overlay-opacity":"","overlay-gradient":""},"tablet":{"background-color":"var(--ast-global-color-5)","background-image":"","background-repeat":"repeat","background-position":"center center","background-size":"auto","background-attachment":"scroll","background-type":"","background-media":"","overlay-type":"","overlay-color":"","overlay-opacity":"","overlay-gradient":""},"mobile":{"background-color":"var(--ast-global-color-5)","background-image":"","background-repeat":"repeat","background-position":"center center","background-size":"auto","background-attachment":"scroll","background-type":"","background-media":"","overlay-type":"","overlay-color":"","overlay-opacity":"","overlay-gradient":""}},"advanced_seo_description":"","jetpack_seo_html_title":"","jetpack_seo_noindex":false,"footnotes":""},"class_list":["post-24","page","type-page","status-publish","hentry"],"jetpack-related-posts":[],"jetpack_sharing_enabled":true,"_links":{"self":[{"href":"https:\/\/kolegiatakartuzy.pl\/wp-test\/index.php?rest_route=\/wp\/v2\/pages\/24","targetHints":{"allow":["GET"]}}],"collection":[{"href":"https:\/\/kolegiatakartuzy.pl\/wp-test\/index.php?rest_route=\/wp\/v2\/pages"}],"about":[{"href":"https:\/\/kolegiatakartuzy.pl\/wp-test\/index.php?rest_route=\/wp\/v2\/types\/page"}],"author":[{"embeddable":true,"href":"https:\/\/kolegiatakartuzy.pl\/wp-test\/index.php?rest_route=\/wp\/v2\/users\/1"}],"replies":[{"embeddable":true,"href":"https:\/\/kolegiatakartuzy.pl\/wp-test\/index.php?rest_route=%2Fwp%2Fv2%2Fcomments&post=24"}],"version-history":[{"count":4,"href":"https:\/\/kolegiatakartuzy.pl\/wp-test\/index.php?rest_route=\/wp\/v2\/pages\/24\/revisions"}],"predecessor-version":[{"id":597,"href":"https:\/\/kolegiatakartuzy.pl\/wp-test\/index.php?rest_route=\/wp\/v2\/pages\/24\/revisions\/597"}],"wp:attachment":[{"href":"https:\/\/kolegiatakartuzy.pl\/wp-test\/index.php?rest_route=%2Fwp%2Fv2%2Fmedia&parent=24"}],"curies":[{"name":"wp","href":"https:\/\/api.w.org\/{rel}","templated":true}]}}