{"id":26,"date":"2022-02-21T12:39:44","date_gmt":"2022-02-21T11:39:44","guid":{"rendered":"http:\/\/kolegiatakartuzy.pl\/wp-test\/?page_id=26"},"modified":"2022-02-22T18:00:24","modified_gmt":"2022-02-22T17:00:24","slug":"wspolnoty","status":"publish","type":"page","link":"https:\/\/kolegiatakartuzy.pl\/wp-test\/?page_id=26","title":{"rendered":"Wsp\u00f3lnoty"},"content":{"rendered":"\n<p><\/p>\n\n\n\n<h2 class=\"wp-block-heading\" id=\"wspolnoty\"><strong>WSP\u00d3LNOTY<\/strong><\/h2>\n\n\n\n<hr class=\"wp-block-separator has-text-color has-background has-ast-global-color-0-background-color has-ast-global-color-0-color is-style-default\"\/>\n\n\n\n<h4 class=\"wp-block-heading\" id=\"w-parafii-dzialaja-nastepujace-wspolnoty\">W parafii dzia\u0142aj\u0105 nast\u0119puj\u0105ce wsp\u00f3lnoty: <\/h4>\n\n\n\n<h3 class=\"wp-block-heading\" id=\"apostolstwo-dobrej-smierci\"><strong>APOSTOLSTWO DOBREJ \u015aMIERCI<\/strong><\/h3>\n\n\n\n<p class=\"has-text-align-justify\">Jest to wsp\u00f3lnota modlitewna, kt\u00f3ra w Polsce skupia 400 tys. os\u00f3b. Cz\u0142onkowie polecaj\u0105 si\u0119 opiece Matce Bo\u017cej \u2013 na ostatni\u0105 godzin\u0119 swojego \u017cycia, nawi\u0105zuj\u0105c do kultu Matki Bo\u017cej Bolesnej. Zaufanie i zawierzenie Bogu &#8211;&nbsp;to cechy, kt\u00f3re piel\u0119gnuj\u0105.<br><br>Spotkania w ka\u017cd\u0105 III sobot\u0119 miesi\u0105ca. O godz. 7:30 wsp\u00f3lna modlitwa w Kolegiacie, o godz. 8:00 Msza \u015bwi\u0119ta w intencji Apostolstwa, a po niej spotkanie w salce katechetycznej.<br><br><strong>Dobrze \u017cy\u0107 \u2013 to wiele,&nbsp;dobrze umrze\u0107 \u2013 to wszystko!<\/strong> <\/p>\n\n\n\n<hr class=\"wp-block-separator has-text-color has-background has-ast-global-color-0-background-color has-ast-global-color-0-color is-style-default\"\/>\n\n\n\n<h3 class=\"wp-block-heading\" id=\"dziecieca-schola-parafialna\"><strong>DZIECI\u0118CA SCHOLA PARAFIALNA<\/strong><\/h3>\n\n\n\n<p class=\"has-text-align-justify\">Wsp\u00f3lnota skupia dzieci w wieku szkolnym, kt\u00f3re \u015bpiewem uwielbiaj\u0105 Boga w trakcie Mszy \u015bwi\u0119tej z udzia\u0142em dzieci w niedziel\u0119 o godz. 12:30. <br><br>Pr\u00f3by odbywaj\u0105 si\u0119 w niedziel\u0119 o godz. 11:00 w salce katechetycznej. <\/p>\n\n\n\n<hr class=\"wp-block-separator has-text-color has-background has-ast-global-color-0-background-color has-ast-global-color-0-color is-style-default\"\/>\n\n\n\n<h3 class=\"wp-block-heading\" id=\"dzielo-duchowej-adopcji\"><strong>DZIE\u0141O DUCHOWEJ ADOPCJI<\/strong><\/h3>\n\n\n\n<p class=\"has-text-align-justify\">Zapraszamy wszystkich, kt\u00f3rym nie jest oboj\u0119tne \u017cycie ludzkie, szczeg\u00f3lnie tych najmniejszych, najs\u0142abszych i zdanych na pomoc innych. Obud\u017amy nasze sumienia, oka\u017cmy nasz\u0105 wra\u017cliwo\u015b\u0107 na warto\u015b\u0107 ludzkiego \u017cycia. Duchowa adopcja trwa 9 miesi\u0119cy i polega na codziennym odmawianiu okre\u015blonej modlitwy w intencji zaadoptowanego dziecka i jego rodzic\u00f3w oraz jednej \u201edziesi\u0105tki\u201d r\u00f3\u017ca\u0144ca \u015bw. Poprzez swoje przyrzeczenie ka\u017cda osoba zobowi\u0105zuje si\u0119 do otoczenia modlitw\u0105 zagro\u017conego w \u0142onie matki \u017cycia dziecka, kt\u00f3rego imi\u0119 jest znane tylko Bogu, i jego rodzic\u00f3w. Mo\u017cna te\u017c podj\u0105\u0107 dodatkowe postanowienia dobrowolnie wybrane np. cz\u0119sta spowied\u017a i komunia \u015bw., adoracja Naj\u015bwi\u0119tszego Sakramentu, czytanie Pisma \u015bw., dodatkowe modlitwy, podj\u0119cie postu czy inne. Mo\u017cna te\u017c przy\u0142\u0105czy\u0107 si\u0119 do r\u00f3\u017ca\u0144ca \u015bw. w intencji duchowej adopcji dziecka pocz\u0119tego, kt\u00f3ry odmawiamy w naszej kolegiacie w ka\u017cd\u0105 czwart\u0105 sobot\u0119 miesi\u0105ca o godz. 7<sup>30<\/sup>. Zach\u0119camy do w\u0142\u0105czenia si\u0119 jak najliczniej w to wyj\u0105tkowe dzie\u0142o. Miejmy odwag\u0119 wypr\u00f3bowa\u0107 si\u0142\u0119 swojego charakteru bez wzgl\u0119du na sw\u00f3j wiek czy obowi\u0105zki. We\u017a czyje\u015b \u017cycie w swoje \u201er\u0119ce\u201d &nbsp;i do\u015bwiadcz rado\u015bci z wykonanego zadania. Sta\u0107 Ci\u0119 na to? Odpowiedzmy sercem na has\u0142o \u015bw. Jana Paw\u0142a II z encykliki <em>Evangelium vitae<\/em>:&nbsp;\u201ePilnie potrzebna jest wielka modlitwa za \u017cycie, przenikaj\u0105ca ca\u0142y \u015bwiat\u201d<em>.<\/em><br>Jednocze\u015bnie gor\u0105co zapraszamy na&nbsp;<strong>Msz\u0119 \u015bw. w intencji obrony \u017cycia w \u015awi\u0119to Zwiastowania Pa\u0144skiego (Dzie\u0144 \u015awi\u0119to\u015bci \u017bycia), o godz. 18<sup>00<\/sup><\/strong>, w czasie kt\u00f3rej jak co roku wszystkie ch\u0119tne osoby b\u0119d\u0105 mog\u0142y z\u0142o\u017cy\u0107 uroczyste przyrzeczenie Duchowej Adopcji Dziecka Pocz\u0119tego. <br>Sk\u0142adamy serdeczne \u201eB\u00f3g zap\u0142a\u0107\u201d wszystkim osobom, kt\u00f3re w ubieg\u0142ym roku zaanga\u017cowa\u0142y si\u0119 modlitewnie w Dzie\u0142o Duchowej Adopcji Dziecka Pocz\u0119tego. Ocalili\u015bmy wiele zagro\u017conych dzieci.<\/p>\n\n\n\n<hr class=\"wp-block-separator has-text-color has-background has-ast-global-color-0-background-color has-ast-global-color-0-color is-style-default\"\/>\n\n\n\n<h3 class=\"wp-block-heading\" id=\"kolo-misyjne-dzieci\"><strong>KO\u0141O MISYJNE DZIECI<\/strong><\/h3>\n\n\n\n<p class=\"has-text-align-justify\">Pocz\u0105tki Dzie\u0142a Misyjnego Dzieci si\u0119gaj\u0105 roku 1843. Powsta\u0142o ono we Francji, aby ratowa\u0107 chi\u0144skie dzieci umieraj\u0105ce na ulicach z g\u0142odu, bez \u0142aski chrztu \u015bwi\u0119tego. T\u0119 dramatyczn\u0105 sytuacj\u0119 najm\u0142odszych mieszka\u0144c\u00f3w Chin opisywali w swoich listach francuscy misjonarze pracuj\u0105cy w tym kraju. Biskup Karol de Forbin-Janson bardzo pragn\u0105\u0142 pospieszy\u0107 im z pomoc\u0105. Sam jednak niewiele m\u00f3g\u0142 uczyni\u0107. My\u015bl o za\u0142o\u017ceniu Stowarzyszenia \u015awi\u0119tego Dzieci\u0119ctwa Pana Jezusa (taka bowiem by\u0142a pierwotna nazwa PDMD) podda\u0142a biskupowi Paulina Jaricot, za\u0142o\u017cycielka Dzie\u0142a Rozkrzewiania Wiary, oraz ks. Filipino de Riviere. Z ich wsp\u00f3lnych rozm\u00f3w zrodzi\u0142 si\u0119 pomys\u0142, aby chrze\u015bcija\u0144skie dzieci pomog\u0142y ratowa\u0107 swoich r\u00f3wie\u015bnik\u00f3w z innych cz\u0119\u015bci \u015bwiata, odmawiaj\u0105c codziennie w ich intencji kr\u00f3tk\u0105 modlitw\u0119 i ofiarowuj\u0105c im miesi\u0119cznie drobn\u0105 sum\u0119 pochodz\u0105c\u0105 z w\u0142asnych oszcz\u0119dno\u015bci. Poprzez modlitw\u0119, wyrzeczenia i pomoc materialn\u0105 mia\u0142y podj\u0105\u0107 si\u0119 ocalenia dzieci z r\u00f3\u017cnych cz\u0119\u015bci \u015bwiata. <em>(\u0179r\u00f3d\u0142o: https:\/\/missio.org.pl\/papieskie-dzielo-misyjne-dzieci)<\/em>. <br><br>Spotkania k\u00f3\u0142ka misyjnego dzieci odbywaj\u0105 si\u0119 w II i IV sobot\u0119 miesi\u0105ca o godz. 9:00 w salce katechetycznej. <\/p>\n\n\n\n<hr class=\"wp-block-separator has-text-color has-background has-ast-global-color-0-background-color has-ast-global-color-0-color is-style-default\"\/>\n\n\n\n<h3 class=\"wp-block-heading\" id=\"ministranci-i-lektorzy\"><strong>MINISTRANCI I LEKTORZY<\/strong><\/h3>\n\n\n\n<p class=\"has-text-align-justify\">G\u0142\u00f3wnym celem tej grupy jest sta\u0142a formacja liturgiczno-duchowa ch\u0142opc\u00f3w, realizowana poprzez przygotowanie do czynnego udzia\u0142u w \u017cyciu Ko\u015bcio\u0142a, uwra\u017cliwienia na pi\u0119kno liturgii, a tak\u017ce na rozw\u00f3j pewnych sprawno\u015bci intelektualnych i fizycznych. W ramach formacji sta\u0142ej ka\u017cdy ministrant zdobywa wiedz\u0119 oraz umiej\u0119tno\u015bci praktyczne w obr\u0119bie poszczeg\u00f3lnych stopni ministranckich. <br><br>Spotkania odbywaj\u0105 si\u0119 raz w tygodniu. <\/p>\n\n\n\n<hr class=\"wp-block-separator has-text-color has-background has-ast-global-color-0-background-color has-ast-global-color-0-color is-style-default\"\/>\n\n\n\n<h3 class=\"wp-block-heading\" id=\"piesza-pielgrzymka-do-sianowa\"><strong>PIESZA PIELGRZYMKA DO SIANOWA<\/strong><\/h3>\n\n\n\n<p class=\"has-text-align-justify\">Pielgrzymujemy pieszo na odpust lipcowy &#8211;<strong>&nbsp;w niedziel\u0119 po 16 lipca<\/strong>&nbsp;&#8211;&nbsp;<strong>Wielki Odpust Matki Boskiej Szkaplerznej<\/strong>&nbsp;oraz na odpust wrze\u015bniowy &#8211;&nbsp;<strong>w niedziel\u0119 po 8 wrze\u015bnia<\/strong>&nbsp;&#8211;&nbsp;<strong>Narodzenia NMP<\/strong>&nbsp;[Matki Boskiej Siewnej]. Pielgrzymki wyruszaj\u0105 o godz. 7:00 spod Kartuskiej Kolegiaty. <\/p>\n\n\n\n<hr class=\"wp-block-separator has-text-color has-background has-ast-global-color-0-background-color has-ast-global-color-0-color is-style-default\"\/>\n\n\n\n<h3 class=\"wp-block-heading\" id=\"parafialny-zespol-caritas\"><strong>PARAFIALNY ZESP\u00d3\u0141 CARITAS<\/strong><\/h3>\n\n\n\n<p class=\"has-text-align-justify\">Celem Parafialnego Zespo\u0142u Caritas jest niesienie pomocy potrzebuj\u0105cym zamieszka\u0142ym na terenie Parafii. Przewodnicz\u0105c\u0105 PZC jest Pani El\u017cbieta Szyler. W naszej dzia\u0142alno\u015bci zamierzamy skupi\u0107 si\u0119 na nast\u0119puj\u0105cych sprawach: <br>&#8211; katechezie dla doros\u0142ych;<br>&#8211; wsparciu duchowym os\u00f3b samotnych;<br>&#8211; wsparciu materialnym os\u00f3b ubogich i potrzebuj\u0105cych.<br><br>PZC podejmuj\u0119 si\u0119 organizacji: <br>&#8211; w ka\u017cd\u0105 ostatni\u0105 niedziel\u0119 miesi\u0105ca zbi\u00f3rki do puszek przed ko\u015bcio\u0142em na cele charytatywne; <br>&#8211; w okresie wiosenno-letnim Festynu Charytatywnego \u201ePodaruj swe Serce\u201d, z kt\u00f3rego doch\u00f3d przeznaczony jest na budow\u0119 Hospicjum w Kartuzach<br>&#8211; w Adwencie akcji \u201eNape\u0142nij worek \u015aw. Miko\u0142aja\u201d, podczas kt\u00f3rej prowadzi zbi\u00f3rk\u0119 produkt\u00f3w spo\u017cywczych i chemiczno-gospodarczych, z kt\u00f3rych przygotowuje paczki i dostarcza je do ubogich, chorych i starszych parafian. <br><br>Bardzo serdecznie zapraszamy do wsp\u00f3\u0142pracy wszystkich, kt\u00f3rzy chc\u0105 bezinteresownie pomaga\u0107 potrzebuj\u0105cym i mie\u0107 rado\u015b\u0107 dzielonego serca i czasu dla innych. <br><br>Spotkania zarz\u0105du PZC odbywaj\u0105 si\u0119 w pierwsze \u015brody miesi\u0105ca po Mszy \u015bwi\u0119tej o godz. 18:00 w salce katechetycznej. <\/p>\n\n\n\n<hr class=\"wp-block-separator has-text-color has-background has-ast-global-color-0-background-color has-ast-global-color-0-color is-style-default\"\/>\n\n\n\n<h3 class=\"wp-block-heading\" id=\"wspolnota-trudnych-malzenstw-sychar\"><strong>WSP\u00d3LNOTA TRUDNYCH MA\u0141\u017bE\u0143STW SYCHAR<\/strong><\/h3>\n\n\n\n<p class=\"has-text-align-justify\">Charyzmatem Wsp\u00f3lnoty Trudnych Ma\u0142\u017ce\u0144stw SYCHAR jest d\u0105\u017cenie jej cz\u0142onk\u00f3w do uzdrowienia sakramentalnego ma\u0142\u017ce\u0144stwa, kt\u00f3re prze\u017cywa kryzys.&nbsp;Wsp\u00f3\u0142pracuj\u0105c z Jezusem Chrystusem \u2013 Bogiem, w ka\u017cdej sytuacji nawet, po ludzku patrz\u0105c, beznadziejnej mo\u017cliwe jest odrodzenie ma\u0142\u017ce\u0144stwa. Dla Boga bowiem nie ma rzeczy niemo\u017cliwych. Prawda o mocy sakramentu oznacza, \u017ce nawet, je\u015bli ma\u0142\u017conkowie nie potrafi\u0105 ze sob\u0105 by\u0107 i odchodz\u0105 w stan separacji, czyli oddzielnego mieszkania, to ich ma\u0142\u017ce\u0144stwo \u2013 Sakramentalne Przymierze ma\u0142\u017conk\u00f3w z Bogiem \u2013 trwa nadal. Nadal s\u0105 m\u0119\u017cem i \u017con\u0105, i jako tacy stan\u0105 przed Bogiem. Sakrament ma\u0142\u017ce\u0144stwa jest darem Boga, kt\u00f3ry daje ma\u0142\u017conkom si\u0142\u0119 odtwarzania wsp\u00f3lnoty ma\u0142\u017ce\u0144skiej w\u0142a\u015bciwie w ka\u017cdej sytuacji. Wsp\u00f3lnota Trudnych Ma\u0142\u017ce\u0144stw SYCHAR jest Wsp\u00f3lnot\u0105 Wiernej Mi\u0142o\u015bci Ma\u0142\u017ce\u0144skiej, kt\u00f3r\u0105 za\u0142o\u017cyli sakramentalni ma\u0142\u017conkowie.<br><br>Spotkania w III pi\u0105tek miesi\u0105ca. Msza \u015bwi\u0119ta o godz. 18:00, a po niej spotkanie w salce katechetycznej. <\/p>\n\n\n\n<hr class=\"wp-block-separator has-text-color has-background has-ast-global-color-0-background-color has-ast-global-color-0-color is-style-default\"\/>\n\n\n\n<h3 class=\"wp-block-heading\" id=\"iii-zakon-sw-franciszka\"><strong>III ZAKON \u015aW. FRANCISZKA<\/strong><\/h3>\n\n\n\n<p>&#8211; spotkania w pierwsz\u0105 niedziel\u0119 miesi\u0105ca o godz. 15:00<\/p>\n\n\n\n<hr class=\"wp-block-separator has-text-color has-background has-ast-global-color-0-background-color has-ast-global-color-0-color is-style-default\"\/>\n\n\n\n<h3 class=\"wp-block-heading\" id=\"zespol-wolontariuszy-caritas\"><strong>ZESP\u00d3\u0141 WOLONTARIUSZY CARITAS<\/strong><\/h3>\n\n\n\n<p class=\"has-text-align-justify\">Wsp\u00f3lnota skupia m\u0142odych ludzi, kt\u00f3rzy chc\u0105 anga\u017cowa\u0107 si\u0119 w niesienie wsparcia i pomocy ubogim, chorym i samotnym osobom. Wsp\u00f3\u0142pracuje z Parafialnym Zespo\u0142em Caritas w podejmowanych akcjach charytatywnych. <br><br>Spotkania w IV pi\u0105tek miesi\u0105ca po Mszy \u015bwi\u0119tej o godz. 18:00. <\/p>\n\n\n\n<hr class=\"wp-block-separator has-text-color has-background has-ast-global-color-0-background-color has-ast-global-color-0-color is-style-default\"\/>\n\n\n\n<h3 class=\"wp-block-heading\" id=\"zywy-rozaniec\"><strong>\u017bYWY R\u00d3\u017bANIEC:<\/strong><\/h3>\n\n\n\n<p>&#8211; spotkania w ka\u017cd\u0105 I niedziel\u0119 miesi\u0105ca o godz. 15:00<\/p>\n\n\n\n<hr class=\"wp-block-separator has-text-color has-background has-ast-global-color-0-background-color has-ast-global-color-0-color is-style-default\"\/>\n","protected":false},"excerpt":{"rendered":"<p>WSP\u00d3LNOTY W parafii dzia\u0142aj\u0105 nast\u0119puj\u0105ce wsp\u00f3lnoty: APOSTOLSTWO DOBREJ \u015aMIERCI Jest to wsp\u00f3lnota modlitewna, kt\u00f3ra w Polsce skupia 400 tys. os\u00f3b. [&hellip;]<\/p>\n","protected":false},"author":1,"featured_media":0,"parent":0,"menu_order":0,"comment_status":"closed","ping_status":"closed","template":"","meta":{"site-sidebar-layout":"default","site-content-layout":"","ast-site-content-layout":"","site-content-style":"default","site-sidebar-style":"default","ast-global-header-display":"","ast-banner-title-visibility":"","ast-main-header-display":"","ast-hfb-above-header-display":"","ast-hfb-below-header-display":"","ast-hfb-mobile-header-display":"","site-post-title":"disabled","ast-breadcrumbs-content":"","ast-featured-img":"","footer-sml-layout":"","theme-transparent-header-meta":"","adv-header-id-meta":"","stick-header-meta":"","header-above-stick-meta":"","header-main-stick-meta":"","header-below-stick-meta":"","astra-migrate-meta-layouts":"default","ast-page-background-enabled":"default","ast-page-background-meta":{"desktop":{"background-color":"var(--ast-global-color-4)","background-image":"","background-repeat":"repeat","background-position":"center center","background-size":"auto","background-attachment":"scroll","background-type":"","background-media":"","overlay-type":"","overlay-color":"","overlay-opacity":"","overlay-gradient":""},"tablet":{"background-color":"","background-image":"","background-repeat":"repeat","background-position":"center center","background-size":"auto","background-attachment":"scroll","background-type":"","background-media":"","overlay-type":"","overlay-color":"","overlay-opacity":"","overlay-gradient":""},"mobile":{"background-color":"","background-image":"","background-repeat":"repeat","background-position":"center center","background-size":"auto","background-attachment":"scroll","background-type":"","background-media":"","overlay-type":"","overlay-color":"","overlay-opacity":"","overlay-gradient":""}},"ast-content-background-meta":{"desktop":{"background-color":"var(--ast-global-color-5)","background-image":"","background-repeat":"repeat","background-position":"center center","background-size":"auto","background-attachment":"scroll","background-type":"","background-media":"","overlay-type":"","overlay-color":"","overlay-opacity":"","overlay-gradient":""},"tablet":{"background-color":"var(--ast-global-color-5)","background-image":"","background-repeat":"repeat","background-position":"center center","background-size":"auto","background-attachment":"scroll","background-type":"","background-media":"","overlay-type":"","overlay-color":"","overlay-opacity":"","overlay-gradient":""},"mobile":{"background-color":"var(--ast-global-color-5)","background-image":"","background-repeat":"repeat","background-position":"center center","background-size":"auto","background-attachment":"scroll","background-type":"","background-media":"","overlay-type":"","overlay-color":"","overlay-opacity":"","overlay-gradient":""}},"advanced_seo_description":"","jetpack_seo_html_title":"","jetpack_seo_noindex":false,"footnotes":""},"class_list":["post-26","page","type-page","status-publish","hentry"],"jetpack-related-posts":[],"jetpack_sharing_enabled":true,"_links":{"self":[{"href":"https:\/\/kolegiatakartuzy.pl\/wp-test\/index.php?rest_route=\/wp\/v2\/pages\/26","targetHints":{"allow":["GET"]}}],"collection":[{"href":"https:\/\/kolegiatakartuzy.pl\/wp-test\/index.php?rest_route=\/wp\/v2\/pages"}],"about":[{"href":"https:\/\/kolegiatakartuzy.pl\/wp-test\/index.php?rest_route=\/wp\/v2\/types\/page"}],"author":[{"embeddable":true,"href":"https:\/\/kolegiatakartuzy.pl\/wp-test\/index.php?rest_route=\/wp\/v2\/users\/1"}],"replies":[{"embeddable":true,"href":"https:\/\/kolegiatakartuzy.pl\/wp-test\/index.php?rest_route=%2Fwp%2Fv2%2Fcomments&post=26"}],"version-history":[{"count":11,"href":"https:\/\/kolegiatakartuzy.pl\/wp-test\/index.php?rest_route=\/wp\/v2\/pages\/26\/revisions"}],"predecessor-version":[{"id":317,"href":"https:\/\/kolegiatakartuzy.pl\/wp-test\/index.php?rest_route=\/wp\/v2\/pages\/26\/revisions\/317"}],"wp:attachment":[{"href":"https:\/\/kolegiatakartuzy.pl\/wp-test\/index.php?rest_route=%2Fwp%2Fv2%2Fmedia&parent=26"}],"curies":[{"name":"wp","href":"https:\/\/api.w.org\/{rel}","templated":true}]}}