{"id":28,"date":"2022-02-21T12:40:27","date_gmt":"2022-02-21T11:40:27","guid":{"rendered":"http:\/\/kolegiatakartuzy.pl\/wp-test\/?page_id=28"},"modified":"2022-08-20T11:50:24","modified_gmt":"2022-08-20T09:50:24","slug":"sakramenty","status":"publish","type":"page","link":"https:\/\/kolegiatakartuzy.pl\/wp-test\/?page_id=28","title":{"rendered":"Sakramenty"},"content":{"rendered":"\n<p><\/p>\n\n\n\n<h2 class=\"wp-block-heading\" id=\"sakramenty\"><strong>SAKRAMENTY<\/strong><\/h2>\n\n\n\n<hr class=\"wp-block-separator has-text-color has-ast-global-color-0-color has-css-opacity has-ast-global-color-0-background-color has-background is-style-default\"\/>\n\n\n\n<h3 class=\"wp-block-heading\" id=\"sakrament-chrztu-swietego\"><strong>SAKRAMENT CHRZTU \u015aWI\u0118TEGO<\/strong><\/h3>\n\n\n\n<p><strong>Do za\u0142atwienia formalno\u015bci zwi\u0105zanych z tym sakramentem nale\u017cy:<\/strong><br>1. Zg\u0142osi\u0107 si\u0119 w kancelarii parafialnej z nast\u0119puj\u0105cymi dokumentami:<br>&#8211; akt urodzenia dziecka<br>&#8211; za\u015bwiadczenie, \u017ce rodzice chrzestni s\u0105: &#8222;wierz\u0105cy i praktykuj\u0105cy&#8221; wydany przez proboszcza z miejsca zamieszkania chrzestnych.<br>2. Zna\u0107 dok\u0142adn\u0105 data \u015blubu ko\u015bcielnego rodzic\u00f3w dziecka.<br>3. Poda\u0107 dat\u0119 urodzenia rodzic\u00f3w chrzestnych, oraz dok\u0142adny adres ich zamieszkania.<br>4. W przypadku ma\u0142\u017ce\u0144stwa niesakramentalnego, lub matki samotnie wychowuj\u0105cej dziecko um\u00f3wi\u0107 si\u0119 z proboszczem na rozmow\u0119 okre\u015blaj\u0105c\u0105 warunki dopuszczaj\u0105ce do przyj\u0119cia tego sakramentu.<\/p>\n\n\n\n<hr class=\"wp-block-separator has-text-color has-ast-global-color-0-color has-css-opacity has-ast-global-color-0-background-color has-background is-style-default\"\/>\n\n\n\n<h3 class=\"wp-block-heading\" id=\"sakrament-pokuty-i-pojednania\"><strong>SAKRAMENT POKUTY I POJEDNANIA<\/strong><\/h3>\n\n\n\n<p>Przed przyst\u0105pieniem do sakramentu pokuty i pojednania nale\u017cy&nbsp;<strong>dobrze si\u0119 przygotowa\u0107 <\/strong>poprzez: <br>&#8211;<strong> rachunek sumienia<\/strong>;<br>&#8211; <strong>\u017cal za grzechy<\/strong>; <br>&#8211; <strong>mocne postanowienie poprawy<\/strong>;<br>a po <strong>szczerej spowiedzi<\/strong>:<br>&#8211; <strong>zado\u015b\u0107uczyni\u0107 Panu Bogu i bli\u017aniemu<\/strong>. <\/p>\n\n\n\n<p>Spowiadamy:<br>&#8211; w dni powszednie: 20 minut przed ka\u017cd\u0105 Msz\u0105 \u015bwi\u0119t\u0105<br>&#8211; w Niedziel\u0119 i \u015awi\u0119ta: w czasie ka\u017cdej Mszy \u015bwi\u0119tej<br>&#8211; w I pi\u0105tek miesi\u0105ca: 16:00 &#8211; 18:00<br>&#8211; w czwartki po Mszy \u015bwi\u0119tej o 18:00 do godz. 19:30.<\/p>\n\n\n\n<hr class=\"wp-block-separator has-text-color has-ast-global-color-0-color has-css-opacity has-ast-global-color-0-background-color has-background is-style-default\"\/>\n\n\n\n<h3 class=\"wp-block-heading\" id=\"sakrament-eucharystii\"><strong>SAKRAMENT EUCHARYSTII<\/strong><\/h3>\n\n\n\n<p><strong>Do przyj\u0119cia I Komunii \u015awi\u0119tej nale\u017cy:<\/strong><br>1. Dostarczy\u0107 &#8222;\u015bwiadectwo chrztu&#8221;,<br>2. Uczestniczy\u0107 w katechezie na poziomie klasy III Szko\u0142y Podstawowej, a rodzice na spotkaniach formacyjnych,<br>3. Zdoby\u0107 wiedze konieczn\u0105 do Sakramentu Pokuty i Eucharystii okre\u015blon\u0105 w &#8222;minimum programowym&#8221;.<\/p>\n\n\n\n<hr class=\"wp-block-separator has-text-color has-ast-global-color-0-color has-css-opacity has-ast-global-color-0-background-color has-background is-style-default\"\/>\n\n\n\n<h3 class=\"wp-block-heading\" id=\"sakrament-bierzmowania\"><strong>SAKRAMENT BIERZMOWANIA<\/strong><\/h3>\n\n\n\n<p><strong>Aby przyj\u0105\u0107 ten sakrament nale\u017cy:<\/strong><br>1. Z\u0142o\u017cy\u0107 deklaracj\u0119 o rozpocz\u0119ciu formacji przygotowuj\u0105cej do przyj\u0119cia sakramentu bierzmowania.  <br>2. Uczestniczy\u0107 w przygotowaniach, kt\u00f3re rozpoczynaj\u0105 si\u0119 w \u00f3smej klasie szko\u0142y podstawowej, a ko\u0144cz\u0105 w pierwszej klasie szko\u0142y ponadpodstawowej poprzez: <br>&#8211; udzia\u0142 w niedzielnej i \u015bwi\u0105tecznej Mszy \u015bwi\u0119tej, <br>&#8211; comiesi\u0119czn\u0105 spowied\u017a \u015bwi\u0119t\u0105 <br>&#8211; komuni\u0119 pierwszopi\u0105tkow\u0105 <br>&#8211; udzia\u0142 w nabo\u017ce\u0144stwach okresowych: r\u00f3\u017caniec, roraty, droga krzy\u017cowa, gorzkie \u017cale, majowe, rekolekcje wielkopostne;<br>&#8211; spotkaniach formacyjnych.<br>3. Uczestniczy\u0107 w katechezie szkolnej i zdoby\u0107 wiedz\u0119 wymagan\u0105 do przyj\u0119cia tego sakramentu okre\u015blon\u0105 w minimum programowym. <br>4. Dostarczy\u0107 &#8222;\u015bwiadectwo chrztu&#8221; (Ad Sacra) oraz podanie z pro\u015bb\u0105 o przyj\u0119cie tego sakramentu (je\u015bli chrzest mia\u0142 miejsce w naszej parafii to wystarczy to zg\u0142osi\u0107 podaj\u0105c dat\u0119 chrztu).<br>5. W przypadku bierzmowania doros\u0142ych nale\u017cy uzgodni\u0107 indywidualny tok przygotowania z Ksi\u0119dzem Proboszczem.<\/p>\n\n\n\n<hr class=\"wp-block-separator has-text-color has-ast-global-color-0-color has-css-opacity has-ast-global-color-0-background-color has-background is-style-default\"\/>\n\n\n\n<h3 class=\"wp-block-heading\" id=\"sakrament-malzenstwa\"><strong>SAKRAMENT MA\u0141\u017bE\u0143STWA<\/strong><\/h3>\n\n\n\n<p><strong>W ramach przygotowania do zawarcia tego sakramentu nale\u017cy:<\/strong><br>1. Oko\u0142o 6 miesi\u0119cy przed przewidywan\u0105 dat\u0105 \u015blubu zg\u0142osi\u0107 si\u0119 w kancelarii parafialnej jednego z narzeczonych i zarezerwowa\u0107 sobie dzie\u0144 i godzin\u0119 \u015blubu oraz przyj\u0105\u0107 skierowanie na 3 spotkania z doradc\u0105 \u017cycia rodzinnego.<br>2. Uzgodni\u0107 z Ksi\u0119dzem Proboszczem dat\u0119 spisania &#8222;kanonicznego protoko\u0142u badania narzeczonych&#8221; (na trzy miesi\u0105ce przed dat\u0105 \u015blubu). Na to spotkanie nale\u017cy dostarczy\u0107:<br>&#8211; \u015bwiadectwo chrztu z aktualn\u0105 dat\u0105 wydania<br>&#8211; informacj\u0119 o bierzmowaniu zawart\u0105 na \u015bwiadectwie chrztu, lub oddzielnym dokumencie.<br>&#8211; \u015bwiadectwo uko\u0144czenia religii (na etapie ostatniej klasy szko\u0142y \u015bredniej)<br>&#8211; \u015bwiadectwo katechizacji przedma\u0142\u017ce\u0144skiej; je\u017celi brak \u015bwiadectwa, zaleg\u0142o\u015bci mo\u017cna nadrobi\u0107 uczestnicz\u0105c np. w Weekendzie dla narzeczonych, wi\u0119cej informacji i terminy na <a rel=\"noreferrer noopener\" href=\"https:\/\/www.ewangelizacjapelplin.pl\/zesp%C3%B3%C5%82-dobry-pocz%C4%85tek\/weekendy-dla-narzeczonych\" data-type=\"URL\" data-id=\"https:\/\/www.ewangelizacjapelplin.pl\/zesp%C3%B3%C5%82-dobry-pocz%C4%85tek\/weekendy-dla-narzeczonych\" target=\"_blank\">ewangelizacjapelplin.pl<\/a>;<br>&#8211; dow\u00f3d osobisty.<br>3. Po spisaniu protoko\u0142u zg\u0142osi\u0107 si\u0119 do kancelarii parafialnej drugiego z narzeczonych i dostarczy\u0107 zapowiedzi przed\u015blubne.<br>4. W przypadku zawarcia ma\u0142\u017ce\u0144stwa konkordatowego nale\u017cy zg\u0142osi\u0107 si\u0119 do Urz\u0119du Stanu Cywilnego w celu potrzebnych za\u015bwiadcze\u0144 stwierdzaj\u0105cych brak okoliczno\u015bci wy\u0142\u0105czaj\u0105cych zawarcie ma\u0142\u017ce\u0144stwa.<\/p>\n\n\n\n<p>Poradnia dla narzeczonych i ma\u0142\u017conk\u00f3w:<br>&#8211; po indywidualnym ustaleniu z doradc\u0105 \u017cycia rodzinnego. <br>Nauki przed\u015blubne:<br>&#8211; po indywidualnym uzgodnieniu z duszpasterzem.<\/p>\n\n\n\n<hr class=\"wp-block-separator has-text-color has-ast-global-color-0-color has-css-opacity has-ast-global-color-0-background-color has-background is-style-default\"\/>\n\n\n\n<h3 class=\"wp-block-heading\" id=\"sakrament-chorych\"><strong>SAKRAMENT CHORYCH<\/strong><\/h3>\n\n\n\n<p><strong>Aby przyj\u0105\u0107 ten sakrament nale\u017cy:<\/strong><br>1. Wezwa\u0107 ksi\u0119dza do chorego i nie odk\u0142ada\u0107 tego wezwania na ,,ostatni\u0105 chwil\u0119&#8221;. Sakrament chorych nie jest ,,ostatnim namaszczeniem&#8221;, lecz sakramentem pomagaj\u0105cym cierpi\u0105cemu w jego chorobie. Sakrament chorych mo\u017cna przyjmowa\u0107 wiele razy w \u017cyciu, ale zwykle jeden raz w tej samej chorobie. Je\u015bli chory jest w szpitalu nale\u017cy wezwa\u0107 kapelana szpitala, je\u015bli w domu to nale\u017cy zadzwoni\u0107 do duszpasterza.<\/p>\n\n\n\n<p>Odwiedziny duszpasterskie chorych odbywaj\u0105 si\u0119:<br>&#8211; w I soboty miesi\u0105ca (ksi\u0119\u017ca w wyznaczonych rejonach duszpasterskich)<br>&#8211; w szpitalu codziennie lub na wezwanie<br>&#8211; w nag\u0142ych przypadkach o ka\u017cdej porze<br>&#8211; przed \u015awi\u0119tami Bo\u017cego Narodzenia i Wielkanocy. <\/p>\n\n\n\n<hr class=\"wp-block-separator has-text-color has-ast-global-color-0-color has-css-opacity has-ast-global-color-0-background-color has-background is-style-default\"\/>\n\n\n\n<h3 class=\"wp-block-heading\" id=\"pogrzeb-katolicki-sakramentalia\"><strong>POGRZEB KATOLICKI &#8211; SAKRAMENTALIA<\/strong><\/h3>\n\n\n\n<p><strong>Nale\u017cy dostarczy\u0107:<\/strong><br>&#8211; akt zgonu z USC,<br>&#8211; informacje o ostatni przyj\u0119tym sakramencie (np. chorych; je\u015bli by\u0142a to zwyk\u0142a spowied\u017a wystarczy informacja ustna rodziny),<br>&#8211; je\u015bli zmar\u0142y nie nale\u017ca\u0142 do naszej parafii, a ma zosta\u0107 pochowany na naszym cmentarzu, nale\u017cy skontaktowa\u0107 si\u0119 najpierw z proboszczem parafii, do kt\u00f3rej nale\u017ca\u0142 zmar\u0142y.<\/p>\n\n\n\n<hr class=\"wp-block-separator has-text-color has-ast-global-color-0-color has-css-opacity has-ast-global-color-0-background-color has-background is-style-default\"\/>\n","protected":false},"excerpt":{"rendered":"<p>SAKRAMENTY SAKRAMENT CHRZTU \u015aWI\u0118TEGO Do za\u0142atwienia formalno\u015bci zwi\u0105zanych z tym sakramentem nale\u017cy:1. Zg\u0142osi\u0107 si\u0119 w kancelarii parafialnej z nast\u0119puj\u0105cymi dokumentami:&#8211; [&hellip;]<\/p>\n","protected":false},"author":1,"featured_media":0,"parent":0,"menu_order":0,"comment_status":"closed","ping_status":"closed","template":"","meta":{"site-sidebar-layout":"default","site-content-layout":"","ast-site-content-layout":"","site-content-style":"default","site-sidebar-style":"default","ast-global-header-display":"","ast-banner-title-visibility":"","ast-main-header-display":"","ast-hfb-above-header-display":"","ast-hfb-below-header-display":"","ast-hfb-mobile-header-display":"","site-post-title":"disabled","ast-breadcrumbs-content":"","ast-featured-img":"","footer-sml-layout":"","theme-transparent-header-meta":"","adv-header-id-meta":"","stick-header-meta":"","header-above-stick-meta":"","header-main-stick-meta":"","header-below-stick-meta":"","astra-migrate-meta-layouts":"default","ast-page-background-enabled":"default","ast-page-background-meta":{"desktop":{"background-color":"var(--ast-global-color-4)","background-image":"","background-repeat":"repeat","background-position":"center center","background-size":"auto","background-attachment":"scroll","background-type":"","background-media":"","overlay-type":"","overlay-color":"","overlay-opacity":"","overlay-gradient":""},"tablet":{"background-color":"","background-image":"","background-repeat":"repeat","background-position":"center center","background-size":"auto","background-attachment":"scroll","background-type":"","background-media":"","overlay-type":"","overlay-color":"","overlay-opacity":"","overlay-gradient":""},"mobile":{"background-color":"","background-image":"","background-repeat":"repeat","background-position":"center center","background-size":"auto","background-attachment":"scroll","background-type":"","background-media":"","overlay-type":"","overlay-color":"","overlay-opacity":"","overlay-gradient":""}},"ast-content-background-meta":{"desktop":{"background-color":"var(--ast-global-color-5)","background-image":"","background-repeat":"repeat","background-position":"center center","background-size":"auto","background-attachment":"scroll","background-type":"","background-media":"","overlay-type":"","overlay-color":"","overlay-opacity":"","overlay-gradient":""},"tablet":{"background-color":"var(--ast-global-color-5)","background-image":"","background-repeat":"repeat","background-position":"center center","background-size":"auto","background-attachment":"scroll","background-type":"","background-media":"","overlay-type":"","overlay-color":"","overlay-opacity":"","overlay-gradient":""},"mobile":{"background-color":"var(--ast-global-color-5)","background-image":"","background-repeat":"repeat","background-position":"center center","background-size":"auto","background-attachment":"scroll","background-type":"","background-media":"","overlay-type":"","overlay-color":"","overlay-opacity":"","overlay-gradient":""}},"advanced_seo_description":"","jetpack_seo_html_title":"","jetpack_seo_noindex":false,"footnotes":""},"class_list":["post-28","page","type-page","status-publish","hentry"],"jetpack-related-posts":[],"jetpack_sharing_enabled":true,"_links":{"self":[{"href":"https:\/\/kolegiatakartuzy.pl\/wp-test\/index.php?rest_route=\/wp\/v2\/pages\/28","targetHints":{"allow":["GET"]}}],"collection":[{"href":"https:\/\/kolegiatakartuzy.pl\/wp-test\/index.php?rest_route=\/wp\/v2\/pages"}],"about":[{"href":"https:\/\/kolegiatakartuzy.pl\/wp-test\/index.php?rest_route=\/wp\/v2\/types\/page"}],"author":[{"embeddable":true,"href":"https:\/\/kolegiatakartuzy.pl\/wp-test\/index.php?rest_route=\/wp\/v2\/users\/1"}],"replies":[{"embeddable":true,"href":"https:\/\/kolegiatakartuzy.pl\/wp-test\/index.php?rest_route=%2Fwp%2Fv2%2Fcomments&post=28"}],"version-history":[{"count":7,"href":"https:\/\/kolegiatakartuzy.pl\/wp-test\/index.php?rest_route=\/wp\/v2\/pages\/28\/revisions"}],"predecessor-version":[{"id":642,"href":"https:\/\/kolegiatakartuzy.pl\/wp-test\/index.php?rest_route=\/wp\/v2\/pages\/28\/revisions\/642"}],"wp:attachment":[{"href":"https:\/\/kolegiatakartuzy.pl\/wp-test\/index.php?rest_route=%2Fwp%2Fv2%2Fmedia&parent=28"}],"curies":[{"name":"wp","href":"https:\/\/api.w.org\/{rel}","templated":true}]}}