{"id":30,"date":"2022-02-21T12:41:19","date_gmt":"2022-02-21T11:41:19","guid":{"rendered":"http:\/\/kolegiatakartuzy.pl\/wp-test\/?page_id=30"},"modified":"2022-07-06T16:08:37","modified_gmt":"2022-07-06T14:08:37","slug":"nabozenstwa","status":"publish","type":"page","link":"https:\/\/kolegiatakartuzy.pl\/wp-test\/?page_id=30","title":{"rendered":"Nabo\u017ce\u0144stwa"},"content":{"rendered":"\n<p><\/p>\n\n\n\n<h2 class=\"has-ast-global-color-8-color has-text-color wp-block-heading\" id=\"nabozenstwa-1\"><strong>NABO\u017bE\u0143STWA<\/strong><\/h2>\n\n\n\n<hr class=\"wp-block-separator has-text-color has-ast-global-color-0-color has-css-opacity has-ast-global-color-0-background-color has-background is-style-default\"\/>\n\n\n\n<h4 class=\"has-ast-global-color-8-color has-text-color wp-block-heading\" id=\"na-terenie-parafii-funkcjonuja-nastepujace-punkty-duszpasterskie\">Na terenie parafii funkcjonuj\u0105 nast\u0119puj\u0105ce punkty&nbsp;duszpasterskie:<\/h4>\n\n\n\n<h3 class=\"has-ast-global-color-8-color has-text-color wp-block-heading\" id=\"kosciol-wniebowziecia-najswietszej-maryi-panny-kolegiata\"><strong>Ko\u015bci\u00f3\u0142 Wniebowzi\u0119cia Naj\u015bwi\u0119tszej Maryi Panny<\/strong> (Kolegiata)<\/h3>\n\n\n\n<h4 class=\"has-ast-global-color-8-color has-text-color wp-block-heading\" id=\"msze-swiete\"><strong>MSZE \u015aWI\u0118TE:<\/strong><\/h4>\n\n\n\n<p class=\"has-ast-global-color-8-color has-text-color\" id=\"msze-swiete\"><strong>W niedziele i \u015bwi\u0119ta:<\/strong>&nbsp;7:00, 8:15, 9:30, 11:00 (suma), 12:30 (dla dzieci), 18:00<br><strong>W tzw. \u015bwi\u0119ta zniesione:<\/strong>&nbsp;7:00, 8:30, 11:00, 18:00<br><strong>W dni powszednie:<\/strong>&nbsp;7:00, 8:00, 18:00<br><strong>I pi\u0105tek miesi\u0105ca:<\/strong>&nbsp;dodatkowa Msza 16.30<br><strong>Za Ojczyzn\u0119:<\/strong>&nbsp;I \u015broda miesi\u0105ca 18.00<br><strong>Z liturgi\u0105 w j\u0119zyku kaszubskim:<\/strong>&nbsp;I niedziela miesi\u0105ca 11.00<br><strong>Roratnie<\/strong>: adwent 6.00, 16.30 (dla dzieci)<br><strong>Odpustowe:<\/strong>&nbsp;15 sierpnia &#8211; Wniebowzi\u0119cie NMP, 6 pa\u017adziernika &#8211; \u015bw. Brunona<\/p>\n\n\n\n<h4 class=\"has-ast-global-color-8-color has-text-color wp-block-heading\" id=\"nabozenstwa\"><strong>NABO\u017bE\u0143STWA:<\/strong><\/h4>\n\n\n\n<p class=\"has-ast-global-color-8-color has-text-color\"><strong>Za zmar\u0142ych &#8211; wypominki roczne:<\/strong><br>niedziela &#8211; 10:40<br><strong>Nowenna do MB Nieustaj\u0105cej Pomocy:<\/strong><br>\u015broda przed Msz\u0105 celebrowan\u0105 o 8.00 i 18.00<br><strong>Adoracja Naj\u015bwi\u0119tszego Sakramentu:<\/strong><br>W ka\u017cdy czwartek po Mszy \u015bwi\u0119tej wieczornej o 18:00 do godz. 19:30. W czasie adoracji mo\u017cliwo\u015b\u0107 skorzystania z sakramentu pokuty i pojednania w spowiednicy.  <br>I \u015broda miesi\u0105ca za Ojczyzn\u0119 &#8211; 17.00<br>I pi\u0105tek miesi\u0105ca po Mszy \u015bwi\u0119tej o godz. 16:30 do 18:00. <br><strong>Za wstawiennictwem \u015bw. Jana Paw\u0142a II:<\/strong><br>16-ty dzie\u0144 miesi\u0105ca po Mszy o 18.00<br><strong>Do Naj\u015bwi\u0119tszego Serca Pana Jezusa:<\/strong><br>I pi\u0105tek miesi\u0105ca &#8211; po Mszach \u015awi\u0119tych o 8.00, 16.30, 18.00<br><strong>Do Niepokalanego Serca Naj\u015bwi\u0119tszej Maryi Panny<\/strong><br>I sobota miesi\u0105ca &#8211; po Mszy o 7.30<br><strong>Do Mi\u0142osierdzia Bo\u017cego:<\/strong><br>Koronka do Bo\u017cego Mi\u0142osierdzia &#8211; pi\u0105tek po Mszy o 7.00<br><strong>R\u00f3\u017caniec:<\/strong><br>Od poniedzia\u0142ku do soboty o godz. 7:30 &#8211; O ustanie epidemii i o pok\u00f3j na \u015bwiecie<br>I niedziela miesi\u0105ca godz. 15.00<br>Pa\u017adziernik:<br>&#8211; dla doros\u0142ych codziennie przed msz\u0105 \u015bw. wieczorn\u0105 &#8211;\u00a0 17.30<br>&#8211; dla dzieci we wtorek i pi\u0105tek &#8211; 16.30<br>&#8211; w kaplicy na Wzg\u00f3rzu Wolno\u015bci od poniedzia\u0142ku do pi\u0105tku &#8211; 18.00<br>&#8211; przy Krzy\u017cu w \u0141apalicach w dni powszednie &#8211; 17.00, w niedziele i \u015bwi\u0119ta &#8211; 14.00<br><strong>Droga Krzy\u017cowa:<\/strong><br>pi\u0105tki Wielkiego Postu:<br>&#8211; dzieci: 16.30<br>&#8211; m\u0142odzie\u017c: 19.15<br>&#8211; doro\u015bli: 18.00<br><strong>Gorzkie \u017bale z kazaniem pasyjnym:<\/strong><br>niedziele Wielkiego Postu &#8211; 15:00<br><strong>Fatimskie:<\/strong><br>13 dzie\u0144 miesi\u0105ca \u2013 po wieczornej Mszy \u015bw. (od maja do pa\u017adziernika)<br><strong>Majowe:<\/strong><br>maj &#8211; codziennie po Mszy wieczornej<br><strong>Czerwcowe:<\/strong><br>czerwiec &#8211; codziennie po Mszy wieczornej<\/p>\n\n\n\n<h3 class=\"has-ast-global-color-8-color has-text-color wp-block-heading\" id=\"kaplica-milosierdzia-bozego-w-szpitalu-im-dr-aleksandra-majkowskiego\"><strong>Kaplica Mi\u0142osierdzia Bo\u017cego w szpitalu<\/strong>&nbsp;<strong>im. dr Aleksandra Majkowskiego:<\/strong><\/h3>\n\n\n\n<h4 class=\"has-ast-global-color-8-color has-text-color wp-block-heading\" id=\"msze-swiete-1\"><strong>MSZE \u015aWI\u0118TE:<\/strong><\/h4>\n\n\n\n<p class=\"has-ast-global-color-8-color has-text-color\" id=\"w-niedziele-i-swieta-6-30\"><strong>W niedziele i \u015bwi\u0119ta:<\/strong> 6:30<\/p>\n\n\n\n<h3 class=\"has-ast-global-color-8-color has-text-color wp-block-heading\" id=\"kaplica-swietego-krzyza-na-wzgorzu-wolnosci\"><strong>Kaplica \u015awi\u0119tego Krzy\u017ca na Wzg\u00f3rzu Wolno\u015bci:<\/strong><\/h3>\n\n\n\n<p class=\"has-ast-global-color-8-color has-text-color\"><strong>Msze \u015awi\u0119te:<\/strong><br>raz w miesi\u0105cu (od maja do pa\u017adziernika)<br><strong>Nabo\u017ce\u0144stwo majowe:<\/strong><br>maj &#8211; od poniedzia\u0142ku do pi\u0105tku o 18.00<br><strong>Nabo\u017ce\u0144stwo czerwcowe:<\/strong><br>czerwiec &#8211; od poniedzia\u0142ku do pi\u0105tku o 18.00<br><strong>Nabo\u017ce\u0144stwo r\u00f3\u017ca\u0144cowe:<\/strong><br>pa\u017adziernik &#8211; od poniedzia\u0142ku do pi\u0105tku o 18.00<\/p>\n","protected":false},"excerpt":{"rendered":"<p>NABO\u017bE\u0143STWA Na terenie parafii funkcjonuj\u0105 nast\u0119puj\u0105ce punkty&nbsp;duszpasterskie: Ko\u015bci\u00f3\u0142 Wniebowzi\u0119cia Naj\u015bwi\u0119tszej Maryi Panny (Kolegiata) MSZE \u015aWI\u0118TE: W niedziele i \u015bwi\u0119ta:&nbsp;7:00, 8:15, [&hellip;]<\/p>\n","protected":false},"author":1,"featured_media":0,"parent":0,"menu_order":0,"comment_status":"closed","ping_status":"closed","template":"","meta":{"site-sidebar-layout":"default","site-content-layout":"","ast-site-content-layout":"","site-content-style":"default","site-sidebar-style":"default","ast-global-header-display":"","ast-banner-title-visibility":"","ast-main-header-display":"","ast-hfb-above-header-display":"","ast-hfb-below-header-display":"","ast-hfb-mobile-header-display":"","site-post-title":"disabled","ast-breadcrumbs-content":"","ast-featured-img":"","footer-sml-layout":"","theme-transparent-header-meta":"","adv-header-id-meta":"","stick-header-meta":"","header-above-stick-meta":"","header-main-stick-meta":"","header-below-stick-meta":"","astra-migrate-meta-layouts":"default","ast-page-background-enabled":"default","ast-page-background-meta":{"desktop":{"background-color":"var(--ast-global-color-4)","background-image":"","background-repeat":"repeat","background-position":"center center","background-size":"auto","background-attachment":"scroll","background-type":"","background-media":"","overlay-type":"","overlay-color":"","overlay-opacity":"","overlay-gradient":""},"tablet":{"background-color":"","background-image":"","background-repeat":"repeat","background-position":"center center","background-size":"auto","background-attachment":"scroll","background-type":"","background-media":"","overlay-type":"","overlay-color":"","overlay-opacity":"","overlay-gradient":""},"mobile":{"background-color":"","background-image":"","background-repeat":"repeat","background-position":"center center","background-size":"auto","background-attachment":"scroll","background-type":"","background-media":"","overlay-type":"","overlay-color":"","overlay-opacity":"","overlay-gradient":""}},"ast-content-background-meta":{"desktop":{"background-color":"var(--ast-global-color-5)","background-image":"","background-repeat":"repeat","background-position":"center center","background-size":"auto","background-attachment":"scroll","background-type":"","background-media":"","overlay-type":"","overlay-color":"","overlay-opacity":"","overlay-gradient":""},"tablet":{"background-color":"var(--ast-global-color-5)","background-image":"","background-repeat":"repeat","background-position":"center center","background-size":"auto","background-attachment":"scroll","background-type":"","background-media":"","overlay-type":"","overlay-color":"","overlay-opacity":"","overlay-gradient":""},"mobile":{"background-color":"var(--ast-global-color-5)","background-image":"","background-repeat":"repeat","background-position":"center center","background-size":"auto","background-attachment":"scroll","background-type":"","background-media":"","overlay-type":"","overlay-color":"","overlay-opacity":"","overlay-gradient":""}},"advanced_seo_description":"","jetpack_seo_html_title":"","jetpack_seo_noindex":false,"footnotes":""},"class_list":["post-30","page","type-page","status-publish","hentry"],"jetpack-related-posts":[],"jetpack_sharing_enabled":true,"_links":{"self":[{"href":"https:\/\/kolegiatakartuzy.pl\/wp-test\/index.php?rest_route=\/wp\/v2\/pages\/30","targetHints":{"allow":["GET"]}}],"collection":[{"href":"https:\/\/kolegiatakartuzy.pl\/wp-test\/index.php?rest_route=\/wp\/v2\/pages"}],"about":[{"href":"https:\/\/kolegiatakartuzy.pl\/wp-test\/index.php?rest_route=\/wp\/v2\/types\/page"}],"author":[{"embeddable":true,"href":"https:\/\/kolegiatakartuzy.pl\/wp-test\/index.php?rest_route=\/wp\/v2\/users\/1"}],"replies":[{"embeddable":true,"href":"https:\/\/kolegiatakartuzy.pl\/wp-test\/index.php?rest_route=%2Fwp%2Fv2%2Fcomments&post=30"}],"version-history":[{"count":9,"href":"https:\/\/kolegiatakartuzy.pl\/wp-test\/index.php?rest_route=\/wp\/v2\/pages\/30\/revisions"}],"predecessor-version":[{"id":1532,"href":"https:\/\/kolegiatakartuzy.pl\/wp-test\/index.php?rest_route=\/wp\/v2\/pages\/30\/revisions\/1532"}],"wp:attachment":[{"href":"https:\/\/kolegiatakartuzy.pl\/wp-test\/index.php?rest_route=%2Fwp%2Fv2%2Fmedia&parent=30"}],"curies":[{"name":"wp","href":"https:\/\/api.w.org\/{rel}","templated":true}]}}