{"id":47,"date":"2022-02-21T12:56:47","date_gmt":"2022-02-21T11:56:47","guid":{"rendered":"http:\/\/kolegiatakartuzy.pl\/wp-test\/?page_id=47"},"modified":"2024-07-13T17:41:07","modified_gmt":"2024-07-13T15:41:07","slug":"glowna","status":"publish","type":"page","link":"https:\/\/kolegiatakartuzy.pl\/wp-test\/","title":{"rendered":"G\u0142\u00f3wna"},"content":{"rendered":"\n<h1 class=\"wp-block-heading has-text-align-center\" id=\"parafia-pw-wniebowziecia-najswietszej-maryi-panny-w-kartuzach\"><strong>Parafia pw. Wniebowzi\u0119cia Naj\u015bwi\u0119tszej Maryi Panny w Kartuzach<\/strong><\/h1>\n\n\n\n<div class=\"wp-block-jetpack-slideshow alignfull\" data-effect=\"slide\"><div class=\"wp-block-jetpack-slideshow_container swiper-container\"><ul class=\"wp-block-jetpack-slideshow_swiper-wrapper swiper-wrapper\"><li class=\"wp-block-jetpack-slideshow_slide swiper-slide\"><figure><img data-recalc-dims=\"1\" loading=\"lazy\" decoding=\"async\" width=\"2048\" height=\"1365\" alt=\"\" class=\"wp-block-jetpack-slideshow_image wp-image-51\" data-id=\"51\" src=\"https:\/\/i0.wp.com\/kolegiatakartuzy.pl\/wp-test\/wp-content\/uploads\/2022\/02\/Kolegiata_Lato_008-1.jpg?resize=2048%2C1365&#038;ssl=1\" srcset=\"https:\/\/i0.wp.com\/kolegiatakartuzy.pl\/wp-test\/wp-content\/uploads\/2022\/02\/Kolegiata_Lato_008-1.jpg?w=2048&amp;ssl=1 2048w, https:\/\/i0.wp.com\/kolegiatakartuzy.pl\/wp-test\/wp-content\/uploads\/2022\/02\/Kolegiata_Lato_008-1.jpg?resize=300%2C200&amp;ssl=1 300w, https:\/\/i0.wp.com\/kolegiatakartuzy.pl\/wp-test\/wp-content\/uploads\/2022\/02\/Kolegiata_Lato_008-1.jpg?resize=1024%2C683&amp;ssl=1 1024w, https:\/\/i0.wp.com\/kolegiatakartuzy.pl\/wp-test\/wp-content\/uploads\/2022\/02\/Kolegiata_Lato_008-1.jpg?resize=768%2C512&amp;ssl=1 768w, https:\/\/i0.wp.com\/kolegiatakartuzy.pl\/wp-test\/wp-content\/uploads\/2022\/02\/Kolegiata_Lato_008-1.jpg?resize=1536%2C1024&amp;ssl=1 1536w\" sizes=\"auto, (max-width: 1000px) 100vw, 1000px\" \/><\/figure><\/li><li class=\"wp-block-jetpack-slideshow_slide swiper-slide\"><figure><img data-recalc-dims=\"1\" loading=\"lazy\" decoding=\"async\" width=\"2560\" height=\"1707\" alt=\"\" class=\"wp-block-jetpack-slideshow_image wp-image-630\" data-id=\"630\" src=\"https:\/\/i0.wp.com\/kolegiatakartuzy.pl\/wp-test\/wp-content\/uploads\/2022\/08\/5B6A0362-scaled.jpg?resize=2560%2C1707&#038;ssl=1\" srcset=\"https:\/\/i0.wp.com\/kolegiatakartuzy.pl\/wp-test\/wp-content\/uploads\/2022\/08\/5B6A0362-scaled.jpg?w=2560&amp;ssl=1 2560w, https:\/\/i0.wp.com\/kolegiatakartuzy.pl\/wp-test\/wp-content\/uploads\/2022\/08\/5B6A0362-scaled.jpg?resize=300%2C200&amp;ssl=1 300w, https:\/\/i0.wp.com\/kolegiatakartuzy.pl\/wp-test\/wp-content\/uploads\/2022\/08\/5B6A0362-scaled.jpg?resize=1024%2C683&amp;ssl=1 1024w, https:\/\/i0.wp.com\/kolegiatakartuzy.pl\/wp-test\/wp-content\/uploads\/2022\/08\/5B6A0362-scaled.jpg?resize=768%2C512&amp;ssl=1 768w, https:\/\/i0.wp.com\/kolegiatakartuzy.pl\/wp-test\/wp-content\/uploads\/2022\/08\/5B6A0362-scaled.jpg?resize=1536%2C1024&amp;ssl=1 1536w, https:\/\/i0.wp.com\/kolegiatakartuzy.pl\/wp-test\/wp-content\/uploads\/2022\/08\/5B6A0362-scaled.jpg?resize=2048%2C1365&amp;ssl=1 2048w\" sizes=\"auto, (max-width: 1000px) 100vw, 1000px\" \/><\/figure><\/li><li class=\"wp-block-jetpack-slideshow_slide swiper-slide\"><figure><img data-recalc-dims=\"1\" loading=\"lazy\" decoding=\"async\" width=\"1707\" height=\"2560\" alt=\"\" class=\"wp-block-jetpack-slideshow_image wp-image-629\" data-id=\"629\" src=\"https:\/\/i0.wp.com\/kolegiatakartuzy.pl\/wp-test\/wp-content\/uploads\/2022\/08\/5B6A8372-scaled.jpg?resize=1707%2C2560&#038;ssl=1\" srcset=\"https:\/\/i0.wp.com\/kolegiatakartuzy.pl\/wp-test\/wp-content\/uploads\/2022\/08\/5B6A8372-scaled.jpg?w=1707&amp;ssl=1 1707w, https:\/\/i0.wp.com\/kolegiatakartuzy.pl\/wp-test\/wp-content\/uploads\/2022\/08\/5B6A8372-scaled.jpg?resize=200%2C300&amp;ssl=1 200w, https:\/\/i0.wp.com\/kolegiatakartuzy.pl\/wp-test\/wp-content\/uploads\/2022\/08\/5B6A8372-scaled.jpg?resize=683%2C1024&amp;ssl=1 683w, https:\/\/i0.wp.com\/kolegiatakartuzy.pl\/wp-test\/wp-content\/uploads\/2022\/08\/5B6A8372-scaled.jpg?resize=768%2C1152&amp;ssl=1 768w, https:\/\/i0.wp.com\/kolegiatakartuzy.pl\/wp-test\/wp-content\/uploads\/2022\/08\/5B6A8372-scaled.jpg?resize=1024%2C1536&amp;ssl=1 1024w, https:\/\/i0.wp.com\/kolegiatakartuzy.pl\/wp-test\/wp-content\/uploads\/2022\/08\/5B6A8372-scaled.jpg?resize=1365%2C2048&amp;ssl=1 1365w\" sizes=\"auto, (max-width: 1000px) 100vw, 1000px\" \/><\/figure><\/li><li class=\"wp-block-jetpack-slideshow_slide swiper-slide\"><figure><img data-recalc-dims=\"1\" loading=\"lazy\" decoding=\"async\" width=\"1707\" height=\"2560\" alt=\"\" class=\"wp-block-jetpack-slideshow_image wp-image-632\" data-id=\"632\" src=\"https:\/\/i0.wp.com\/kolegiatakartuzy.pl\/wp-test\/wp-content\/uploads\/2022\/08\/5B6A0359-scaled.jpg?resize=1707%2C2560&#038;ssl=1\" srcset=\"https:\/\/i0.wp.com\/kolegiatakartuzy.pl\/wp-test\/wp-content\/uploads\/2022\/08\/5B6A0359-scaled.jpg?w=1707&amp;ssl=1 1707w, https:\/\/i0.wp.com\/kolegiatakartuzy.pl\/wp-test\/wp-content\/uploads\/2022\/08\/5B6A0359-scaled.jpg?resize=200%2C300&amp;ssl=1 200w, https:\/\/i0.wp.com\/kolegiatakartuzy.pl\/wp-test\/wp-content\/uploads\/2022\/08\/5B6A0359-scaled.jpg?resize=683%2C1024&amp;ssl=1 683w, https:\/\/i0.wp.com\/kolegiatakartuzy.pl\/wp-test\/wp-content\/uploads\/2022\/08\/5B6A0359-scaled.jpg?resize=768%2C1152&amp;ssl=1 768w, https:\/\/i0.wp.com\/kolegiatakartuzy.pl\/wp-test\/wp-content\/uploads\/2022\/08\/5B6A0359-scaled.jpg?resize=1024%2C1536&amp;ssl=1 1024w, https:\/\/i0.wp.com\/kolegiatakartuzy.pl\/wp-test\/wp-content\/uploads\/2022\/08\/5B6A0359-scaled.jpg?resize=1365%2C2048&amp;ssl=1 1365w\" sizes=\"auto, (max-width: 1000px) 100vw, 1000px\" \/><\/figure><\/li><li class=\"wp-block-jetpack-slideshow_slide swiper-slide\"><figure><img data-recalc-dims=\"1\" loading=\"lazy\" decoding=\"async\" width=\"2560\" height=\"1707\" alt=\"\" class=\"wp-block-jetpack-slideshow_image wp-image-633\" data-id=\"633\" src=\"https:\/\/i0.wp.com\/kolegiatakartuzy.pl\/wp-test\/wp-content\/uploads\/2022\/08\/5B6A0387-scaled.jpg?resize=2560%2C1707&#038;ssl=1\" srcset=\"https:\/\/i0.wp.com\/kolegiatakartuzy.pl\/wp-test\/wp-content\/uploads\/2022\/08\/5B6A0387-scaled.jpg?w=2560&amp;ssl=1 2560w, https:\/\/i0.wp.com\/kolegiatakartuzy.pl\/wp-test\/wp-content\/uploads\/2022\/08\/5B6A0387-scaled.jpg?resize=300%2C200&amp;ssl=1 300w, https:\/\/i0.wp.com\/kolegiatakartuzy.pl\/wp-test\/wp-content\/uploads\/2022\/08\/5B6A0387-scaled.jpg?resize=1024%2C683&amp;ssl=1 1024w, https:\/\/i0.wp.com\/kolegiatakartuzy.pl\/wp-test\/wp-content\/uploads\/2022\/08\/5B6A0387-scaled.jpg?resize=768%2C512&amp;ssl=1 768w, https:\/\/i0.wp.com\/kolegiatakartuzy.pl\/wp-test\/wp-content\/uploads\/2022\/08\/5B6A0387-scaled.jpg?resize=1536%2C1024&amp;ssl=1 1536w, https:\/\/i0.wp.com\/kolegiatakartuzy.pl\/wp-test\/wp-content\/uploads\/2022\/08\/5B6A0387-scaled.jpg?resize=2048%2C1365&amp;ssl=1 2048w\" sizes=\"auto, (max-width: 1000px) 100vw, 1000px\" \/><\/figure><\/li><\/ul><a class=\"wp-block-jetpack-slideshow_button-prev swiper-button-prev swiper-button-white\" role=\"button\"><\/a><a class=\"wp-block-jetpack-slideshow_button-next swiper-button-next swiper-button-white\" role=\"button\"><\/a><a aria-label=\"Pause Slideshow\" class=\"wp-block-jetpack-slideshow_button-pause\" role=\"button\"><\/a><div class=\"wp-block-jetpack-slideshow_pagination swiper-pagination swiper-pagination-white\"><\/div><\/div><\/div>\n","protected":false},"excerpt":{"rendered":"<p>Parafia pw. Wniebowzi\u0119cia Naj\u015bwi\u0119tszej Maryi Panny w Kartuzach<\/p>\n","protected":false},"author":1,"featured_media":0,"parent":0,"menu_order":0,"comment_status":"closed","ping_status":"closed","template":"","meta":{"site-sidebar-layout":"no-sidebar","site-content-layout":"page-builder","ast-site-content-layout":"full-width-container","site-content-style":"unboxed","site-sidebar-style":"unboxed","ast-global-header-display":"","ast-banner-title-visibility":"","ast-main-header-display":"","ast-hfb-above-header-display":"","ast-hfb-below-header-display":"","ast-hfb-mobile-header-display":"","site-post-title":"disabled","ast-breadcrumbs-content":"disabled","ast-featured-img":"","footer-sml-layout":"","theme-transparent-header-meta":"disabled","adv-header-id-meta":"","stick-header-meta":"","header-above-stick-meta":"","header-main-stick-meta":"","header-below-stick-meta":"","astra-migrate-meta-layouts":"set","ast-page-background-enabled":"default","ast-page-background-meta":{"desktop":{"background-color":"var(--ast-global-color-4)","background-image":"","background-repeat":"repeat","background-position":"center center","background-size":"auto","background-attachment":"scroll","background-type":"","background-media":"","overlay-type":"","overlay-color":"","overlay-opacity":"","overlay-gradient":""},"tablet":{"background-color":"","background-image":"","background-repeat":"repeat","background-position":"center center","background-size":"auto","background-attachment":"scroll","background-type":"","background-media":"","overlay-type":"","overlay-color":"","overlay-opacity":"","overlay-gradient":""},"mobile":{"background-color":"","background-image":"","background-repeat":"repeat","background-position":"center center","background-size":"auto","background-attachment":"scroll","background-type":"","background-media":"","overlay-type":"","overlay-color":"","overlay-opacity":"","overlay-gradient":""}},"ast-content-background-meta":{"desktop":{"background-color":"var(--ast-global-color-5)","background-image":"","background-repeat":"repeat","background-position":"center center","background-size":"auto","background-attachment":"scroll","background-type":"","background-media":"","overlay-type":"","overlay-color":"","overlay-opacity":"","overlay-gradient":""},"tablet":{"background-color":"var(--ast-global-color-5)","background-image":"","background-repeat":"repeat","background-position":"center center","background-size":"auto","background-attachment":"scroll","background-type":"","background-media":"","overlay-type":"","overlay-color":"","overlay-opacity":"","overlay-gradient":""},"mobile":{"background-color":"var(--ast-global-color-5)","background-image":"","background-repeat":"repeat","background-position":"center center","background-size":"auto","background-attachment":"scroll","background-type":"","background-media":"","overlay-type":"","overlay-color":"","overlay-opacity":"","overlay-gradient":""}},"advanced_seo_description":"","jetpack_seo_html_title":"","jetpack_seo_noindex":false,"footnotes":""},"class_list":["post-47","page","type-page","status-publish","hentry"],"jetpack-related-posts":[],"jetpack_sharing_enabled":true,"_links":{"self":[{"href":"https:\/\/kolegiatakartuzy.pl\/wp-test\/index.php?rest_route=\/wp\/v2\/pages\/47","targetHints":{"allow":["GET"]}}],"collection":[{"href":"https:\/\/kolegiatakartuzy.pl\/wp-test\/index.php?rest_route=\/wp\/v2\/pages"}],"about":[{"href":"https:\/\/kolegiatakartuzy.pl\/wp-test\/index.php?rest_route=\/wp\/v2\/types\/page"}],"author":[{"embeddable":true,"href":"https:\/\/kolegiatakartuzy.pl\/wp-test\/index.php?rest_route=\/wp\/v2\/users\/1"}],"replies":[{"embeddable":true,"href":"https:\/\/kolegiatakartuzy.pl\/wp-test\/index.php?rest_route=%2Fwp%2Fv2%2Fcomments&post=47"}],"version-history":[{"count":23,"href":"https:\/\/kolegiatakartuzy.pl\/wp-test\/index.php?rest_route=\/wp\/v2\/pages\/47\/revisions"}],"predecessor-version":[{"id":1367,"href":"https:\/\/kolegiatakartuzy.pl\/wp-test\/index.php?rest_route=\/wp\/v2\/pages\/47\/revisions\/1367"}],"wp:attachment":[{"href":"https:\/\/kolegiatakartuzy.pl\/wp-test\/index.php?rest_route=%2Fwp%2Fv2%2Fmedia&parent=47"}],"curies":[{"name":"wp","href":"https:\/\/api.w.org\/{rel}","templated":true}]}}